{"id":1294,"date":"2017-08-24T21:21:35","date_gmt":"2017-08-24T20:21:35","guid":{"rendered":"https:\/\/www.houblonde.com\/grains\/"},"modified":"2024-02-22T09:55:03","modified_gmt":"2024-02-22T08:55:03","slug":"getreide","status":"publish","type":"page","link":"https:\/\/www.houblonde.com\/de\/getreide\/","title":{"rendered":"Die Getreide"},"content":{"rendered":"\n\t<section class=\"section is-full-height\" id=\"section_1348088260\">\n\t\t<div class=\"bg section-bg fill bg-fill  \" >\n\n\t\t\t\n\t\t\t\n\t\t\t\n\n\t\t<\/div>\n\n\t\t\n\n\t\t<div class=\"section-content relative\">\n\t\t\t\n\n<div class=\"row align-middle align-center main-row\"  id=\"row-2111044311\">\n\n\n\t<div id=\"col-427792849\" class=\"col houblonde-image medium-2 small-12 large-2\"  >\n\t\t\t\t<div class=\"col-inner text-center\"  >\n\t\t\t\n\t\t\t\n\n\t<div class=\"img has-hover x md-x lg-x y md-y lg-y\" id=\"image_1512396442\">\n\t\t<a class=\"\" href=\"https:\/\/www.houblonde.com\/wp-content\/uploads\/Houblonde-Sales-sheet-FR-blonde-triple-white-1-1.pdf\" target=\"_blank\" rel=\"noopener noreferrer\" >\t\t\t\t\t\t<div class=\"img-inner dark\" >\n\t\t\t<img width=\"584\" height=\"448\" src=\"https:\/\/www.houblonde.com\/wp-content\/uploads\/HOUBLONDE-web-3bout.png\" class=\"attachment-large size-large\" alt=\"\" loading=\"lazy\" srcset=\"https:\/\/www.houblonde.com\/wp-content\/uploads\/HOUBLONDE-web-3bout.png 584w, https:\/\/www.houblonde.com\/wp-content\/uploads\/HOUBLONDE-web-3bout-300x230.png 300w\" sizes=\"(max-width: 584px) 100vw, 584px\" \/>\t\t\t\t\t\t\n\t\t\t\t\t<\/div>\n\t\t\t\t\t\t<\/a>\t\t\n<style>\n#image_1512396442 {\n  width: 100%;\n}\n<\/style>\n\t<\/div>\n\t\n\n<a rel=\"noopener noreferrer\" href=\"https:\/\/www.houblonde.com\/wp-content\/uploads\/Houblonde-Sales-sheet-FR-blonde-triple-white-1-1.pdf\" target=\"_blank\" class=\"button white is-link is-small button-argu\"  style=\"border-radius:3px;\">\n  <i class=\"icon-search\" aria-hidden=\"true\" ><\/i>  <span>En savoir plus<\/span>\n  <\/a>\n\n\n\n\t\t<\/div>\n\t\t\t\t\n<style>\n#col-427792849 > .col-inner {\n  padding: 50px 0px 0px 0px;\n}\n<\/style>\n\t<\/div>\n\n\t\n\n\t<div id=\"col-1929246495\" class=\"col main-column medium-10 small-12 large-10\"  >\n\t\t\t\t<div class=\"col-inner text-left dark\" style=\"background-color:rgba(67, 98, 112, 0.97);\" >\n\t\t\t\n\t\t\t\n\n<div class=\"row row-collapse align-equal content-row\"  id=\"row-1873597663\">\n\n\n\t<div id=\"col-1669338037\" class=\"col image-column cereale medium-3 small-12 large-3\"  >\n\t\t\t\t<div class=\"col-inner\"  >\n\t\t\t\n\t\t\t\n\n<a href=\"https:\/\/www.youtube.com\/watch?v=cHyusoB9RKA\" target=\"_self\" class=\"button white is-link expand button-video\"  >\n    <span>Regarder la vid\u00e9o<\/span>\n  <i class=\"icon-youtube\" aria-hidden=\"true\" ><\/i><\/a>\n\n\n\n\t\t<\/div>\n\t\t\t\t\t<\/div>\n\n\t\n\n\t<div id=\"col-806757353\" class=\"col content-column medium-9 small-12 large-9\"  >\n\t\t\t\t<div class=\"col-inner\"  >\n\t\t\t\n\t\t\t\n\n<h1><img class=\"content-picto alignnone wp-image-459\" src=\"https:\/\/www.houblonde.com\/wp-content\/uploads\/picto_cereales.svg\" alt=\"\" width=\"60\" \/>\u00a0Les c\u00e9r\u00e9ales<\/h1>\n<p><span style=\"font-size: 100%;\">HOUBLONDE est bien s\u00fbr compos\u00e9e uniquement des meilleurs ingr\u00e9dients naturels\u00a0:<\/span><\/p>\n<ul>\n<li><span style=\"font-size: 100%;\"><strong>Des c\u00e9r\u00e9ales d\u2019origine biologique<\/strong>. Le houblon, l&#8217;avoine, l&#8217;orge, le millet, le sarrasin et le froment utilis\u00e9s sont cultiv\u00e9s sans engrais, ni pesticides ou herbicides chimiques et sans utilisation d\u2019organismes g\u00e9n\u00e9tiquement modifi\u00e9s.<\/span><\/li>\n<\/ul>\n<p><span style=\"font-size: 100%;\"><strong>La preuve\u00a0?<\/strong> Voyez l\u2019\u00e9tiquette\u00a0! HOUBLONDE a re\u00e7u <strong>le label BIO Europ\u00e9en<\/strong> ainsi que la certification de l\u2019organisme de contr\u00f4le <strong>Certisys<\/strong>.<\/span><\/p>\n<p class=\"houblonde-tips\"><span style=\"font-size: 100%;\"><strong>Le saviez-vous\u00a0?<\/strong> Ce sont les c\u00e9r\u00e9ales qui cr\u00e9ent toute la quintessence v\u00e9g\u00e9tale et nutritive de la bi\u00e8re. Et plus encore quand elles sont d\u2019origine bio et principalement cultiv\u00e9es en Belgique !<\/span><\/p>\n<ul>\n<li><span style=\"font-size: 100%;\"><strong>Les levures.<\/strong> Ce sont elles qui prolongent la refermentation en bouteille et qui font de la Houblonde une v\u00e9ritable bi\u00e8re <em>vivante<\/em>. <\/span><\/li>\n<\/ul>\n<h3><span style=\"color: #eba900;\">L\u2019avis des \u00e9picuriens\u00a0:<\/span><\/h3>\n<p><span style=\"font-size: 100%;\"><em>\u00abJ\u2019en ai d\u00e9j\u00e0 go\u00fbt\u00e9 beaucoup des blondes dans ma vie, mais celle-l\u00e0, elle me procure des sensations gustatives uniques. Je la reconna\u00eetrais les yeux ferm\u00e9s.\u00bb &#8211;\u00a0<\/em><span style=\"text-align: right; margin-top: 10px;\">Jean-Charles, 36 ans<\/span><\/span><\/p>\n<p style=\"text-align: center;\"><span style=\"font-size: 180%;\"><span style=\"color: #009ad1;\"><strong>\u00ab <em>Toute<\/em> la puissance de la nature au service du go\u00fbt ! \u00bb<\/strong><\/span><\/span><\/p>\n<p style=\"text-align: center;\">\u00a0<\/p>\n<a href=\"\/secret\" target=\"_self\" class=\"button primary is-link button-cta secret\"  >\n    <span>D\u00e9couvrez son secret<\/span>\n  <\/a>\n\n\n\n\t\t<\/div>\n\t\t\t\t\n<style>\n#col-806757353 > .col-inner {\n  max-width: 95%;\n}\n<\/style>\n\t<\/div>\n\n\t\n\n\t<div id=\"col-1595283117\" class=\"col video-column small-12 large-12\"  >\n\t\t\t\t<div class=\"col-inner\"  >\n\t\t\t\n\t\t\t\n\n<a class=\"button white is-link is-xlarge video-close\"  >\n    <span><\/span>\n  <i class=\"icon-plus\" aria-hidden=\"true\" ><\/i><\/a>\n\n\n<div class=\"video-container\">\n<iframe loading=\"lazy\" width=\"560\" height=\"315\" src=\"https:\/\/www.youtube.com\/embed\/NMjW0Vr92Jg?rel=0&amp;showinfo=0\" frameborder=\"0\" allowfullscreen=\"\" allowscriptaccess=\"always\"><\/iframe><\/div>\n\n\t\t<\/div>\n\t\t\t\t\t<\/div>\n\n\t\n\n<\/div>\n\n\t\t<\/div>\n\t\t\t\t\n<style>\n#col-1929246495 > .col-inner {\n  max-width: 85%;\n}\n<\/style>\n\t<\/div>\n\n\t\n\n<\/div>\n\n\t\t<\/div>\n\n\t\t\n<style>\n#section_1348088260 {\n  padding-top: 30px;\n  padding-bottom: 30px;\n  min-height: 100vh;\n}\n#section_1348088260 .section-bg.bg-loaded {\n  background-image: url(https:\/\/www.houblonde.com\/wp-content\/uploads\/home-background-alt3.jpg);\n}\n#section_1348088260 .ux-shape-divider--top svg {\n  height: 150px;\n  --divider-top-width: 100%;\n}\n#section_1348088260 .ux-shape-divider--bottom svg {\n  height: 150px;\n  --divider-width: 100%;\n}\n<\/style>\n\t<\/section>\n\t\n\n","protected":false},"excerpt":{"rendered":"","protected":false},"author":1,"featured_media":0,"parent":0,"menu_order":2,"comment_status":"closed","ping_status":"closed","template":"page-transparent-header-light.php","meta":{"inline_featured_image":false},"_links":{"self":[{"href":"https:\/\/www.houblonde.com\/de\/wp-json\/wp\/v2\/pages\/1294"}],"collection":[{"href":"https:\/\/www.houblonde.com\/de\/wp-json\/wp\/v2\/pages"}],"about":[{"href":"https:\/\/www.houblonde.com\/de\/wp-json\/wp\/v2\/types\/page"}],"author":[{"embeddable":true,"href":"https:\/\/www.houblonde.com\/de\/wp-json\/wp\/v2\/users\/1"}],"replies":[{"embeddable":true,"href":"https:\/\/www.houblonde.com\/de\/wp-json\/wp\/v2\/comments?post=1294"}],"version-history":[{"count":10,"href":"https:\/\/www.houblonde.com\/de\/wp-json\/wp\/v2\/pages\/1294\/revisions"}],"predecessor-version":[{"id":4119,"href":"https:\/\/www.houblonde.com\/de\/wp-json\/wp\/v2\/pages\/1294\/revisions\/4119"}],"wp:attachment":[{"href":"https:\/\/www.houblonde.com\/de\/wp-json\/wp\/v2\/media?parent=1294"}],"curies":[{"name":"wp","href":"https:\/\/api.w.org\/{rel}","templated":true}]}}