{"id":1309,"date":"2017-08-24T21:31:54","date_gmt":"2017-08-24T20:31:54","guid":{"rendered":"https:\/\/www.houblonde.com\/cheers\/"},"modified":"2024-02-22T09:57:32","modified_gmt":"2024-02-22T08:57:32","slug":"zum-wohl","status":"publish","type":"page","link":"https:\/\/www.houblonde.com\/de\/zum-wohl\/","title":{"rendered":"Zum Wohl"},"content":{"rendered":"\n\t<section class=\"section is-full-height\" id=\"section_873875645\">\n\t\t<div class=\"bg section-bg fill bg-fill  \" >\n\n\t\t\t\n\t\t\t\n\t\t\t\n\n\t\t<\/div>\n\n\t\t\n\n\t\t<div class=\"section-content relative\">\n\t\t\t\n\n<div class=\"row align-middle align-center main-row\"  id=\"row-1615188300\">\n\n\n\t<div id=\"col-323751735\" class=\"col houblonde-image medium-2 small-12 large-2\"  >\n\t\t\t\t<div class=\"col-inner text-center\"  >\n\t\t\t\n\t\t\t\n\n\t<div class=\"img has-hover x md-x lg-x y md-y lg-y\" id=\"image_1944509422\">\n\t\t<a class=\"\" href=\"https:\/\/www.houblonde.com\/wp-content\/uploads\/Houblonde-Sales-sheet-FR-blonde-triple-white.pdf\" target=\"_blank\" rel=\"noopener noreferrer\" >\t\t\t\t\t\t<div class=\"img-inner dark\" >\n\t\t\t<img width=\"584\" height=\"448\" src=\"https:\/\/www.houblonde.com\/wp-content\/uploads\/HOUBLONDE-web-3bout.png\" class=\"attachment-large size-large\" alt=\"\" loading=\"lazy\" srcset=\"https:\/\/www.houblonde.com\/wp-content\/uploads\/HOUBLONDE-web-3bout.png 584w, https:\/\/www.houblonde.com\/wp-content\/uploads\/HOUBLONDE-web-3bout-300x230.png 300w\" sizes=\"(max-width: 584px) 100vw, 584px\" \/>\t\t\t\t\t\t\n\t\t\t\t\t<\/div>\n\t\t\t\t\t\t<\/a>\t\t\n<style>\n#image_1944509422 {\n  width: 100%;\n}\n<\/style>\n\t<\/div>\n\t\n\n<a rel=\"noopener noreferrer\" href=\"https:\/\/www.houblonde.com\/wp-content\/uploads\/Houblonde-Sales-sheet-FR-blonde-triple-white.pdf\" target=\"_blank\" class=\"button white is-link is-small button-argu\"  style=\"border-radius:3px;\">\n  <i class=\"icon-search\" aria-hidden=\"true\" ><\/i>  <span>En savoir plus<\/span>\n  <\/a>\n\n\n\n\t\t<\/div>\n\t\t\t\t\n<style>\n#col-323751735 > .col-inner {\n  padding: 50px 0px 0px 0px;\n}\n<\/style>\n\t<\/div>\n\n\t\n\n\t<div id=\"col-432334392\" class=\"col main-column medium-10 small-12 large-10\"  >\n\t\t\t\t<div class=\"col-inner text-left dark\" style=\"background-color:rgba(67, 98, 112, 0.97);\" >\n\t\t\t\n\t\t\t\n\n<div class=\"row row-collapse align-equal content-row\"  id=\"row-891896632\">\n\n\n\t<div id=\"col-2084064096\" class=\"col image-column cheers medium-3 small-12 large-3\"  >\n\t\t\t\t<div class=\"col-inner\"  >\n\t\t\t\n\t\t\t\n\n<a href=\"https:\/\/www.youtube.com\/watch?v=yFBw08HG_fg\" target=\"_self\" class=\"button white is-link expand button-video\"  >\n    <span>Regarder la vid\u00e9o<\/span>\n  <i class=\"icon-youtube\" aria-hidden=\"true\" ><\/i><\/a>\n\n\n<div class=\"row\"  id=\"row-1169043707\">\n\n\n\t<div id=\"col-292741899\" class=\"col image-column people small-12 large-12\"  >\n\t\t\t\t<div class=\"col-inner\"  >\n\t\t\t\n\t\t\t\n\n\n\t\t<\/div>\n\t\t\t\t\t<\/div>\n\n\t\n\n<\/div>\n\n\t\t<\/div>\n\t\t\t\t\t<\/div>\n\n\t\n\n\t<div id=\"col-95927051\" class=\"col content-column medium-9 small-12 large-9\"  >\n\t\t\t\t<div class=\"col-inner\"  >\n\t\t\t\n\t\t\t\n\n<h1><img loading=\"lazy\" class=\"content-picto alignnone wp-image-465\" src=\"https:\/\/www.houblonde.com\/wp-content\/uploads\/picto_people.svg\" alt=\"\" width=\"60\" height=\"150\">&nbsp;Cheers !<\/h1>\n<p><span style=\"font-size: 100%;\"><img loading=\"lazy\" class=\"alignright size-full wp-image-2213\" src=\"https:\/\/www.houblonde.com\/wp-content\/uploads\/HOUBLONDE-VISUEL-VERRE-DE-BIERE-1.png\" alt=\"\" width=\"312\" height=\"600\" srcset=\"https:\/\/www.houblonde.com\/wp-content\/uploads\/HOUBLONDE-VISUEL-VERRE-DE-BIERE-1.png 312w, https:\/\/www.houblonde.com\/wp-content\/uploads\/HOUBLONDE-VISUEL-VERRE-DE-BIERE-1-156x300.png 156w\" sizes=\"(max-width: 312px) 100vw, 312px\" \/>HOUBLONDE est une bi\u00e8re <strong>authentique<\/strong> qui se savoure entre <em>vrais<\/em> ami(e)s. Tout en naturel, elle s&#8217;associe \u00e0 la joie de vivre. On dit de la HOUBLONDE qu\u2019elle favorise le plaisir d\u2019\u00eatre ensemble. Et ils sont nombreux \u00e0 le dire&nbsp;!<\/span><\/p>\n<p>La d\u00e9gustation de la HOUBLONDE ne sera jamais aussi satisfaisante que si elle s\u2019op\u00e8re dans le&nbsp;verre sp\u00e9cialement con\u00e7u pour en r\u00e9v\u00e9ler toute l\u2019expression de ses ar\u00f4mes.<\/p>\n<p>Sur pied, \u00e9lanc\u00e9 avec un col resserr\u00e9, le verre \u00ab&nbsp;Amber Pokal&nbsp;\u00bb refl\u00e8te toute l\u2019\u00e9l\u00e9gance de la bi\u00e8re HOUBLONDE.<\/p>\n<p>Mais ce n\u2019est pas tout car le verre HOUBLONDE cache aussi son secret. En versant la bi\u00e8re dans les r\u00e8gles de l\u2019art, vous pourrez admirer le tourbillon de bulles en son centre. Un proc\u00e9d\u00e9 unique qui vient compl\u00e9ter le concept de l\u2019eau dynamis\u00e9e jusque dans le verre. Sant\u00e9&nbsp;!<\/p>\n<h3><span style=\"color: #eba900;\">L\u2019avis des \u00e9picuriens&nbsp;:<\/span><\/h3>\n<p><span style=\"font-size: 100%;\"><em>\u00ab Tous les mois, notre cercle de connaisseurs organise une d\u00e9gustation de bi\u00e8res. Le jour o\u00f9 j\u2019ai fait d\u00e9couvrir la HOUBLONDE, il y a vraiment eu une atmosph\u00e8re particuli\u00e8re. Comme un enchantement dans l\u2019air\u2026 \u00bb &#8211;&nbsp;<\/em><span style=\"text-align: right; margin-top: 10px;\">Hubert, 39 ans<\/span><\/span><\/p>\n<p style=\"text-align: center;\"><span style=\"font-size: 180%;\"><span style=\"color: #009ad1;\"><strong>\u00ab <em>Toute<\/em> la puissance de la nature ! \u00bb<\/strong><\/span><\/span><\/p>\n<p style=\"text-align: center;\">\n<a href=\"https:\/\/www.facebook.com\/HoublondeBeer\/\" target=\"_self\" class=\"button primary is-link button-cta fb\"  >\n    <span>Suivez-nous sur Facebook<\/span>\n  <\/a>\n\n\n<\/p>\n<a href=\"https:\/\/www.instagram.com\/houblondebeer\/\" target=\"_self\" class=\"button primary is-link button-cta insta\"  >\n    <span>Suivez-nous sur Instagram<\/span>\n  <\/a>\n\n\n<p style=\"text-align: center;\">\n<a href=\"\/secret\" target=\"_self\" class=\"button primary is-link button-cta secret\"  >\n    <span>D\u00e9couvrez son secret<\/span>\n  <\/a>\n\n\n<\/p>\n\n\t\t<\/div>\n\t\t\t\t\n<style>\n#col-95927051 > .col-inner {\n  max-width: 95%;\n}\n<\/style>\n\t<\/div>\n\n\t\n\n\t<div id=\"col-1342000762\" class=\"col video-column small-12 large-12\"  >\n\t\t\t\t<div class=\"col-inner\"  >\n\t\t\t\n\t\t\t\n\n<a class=\"button white is-link is-xlarge video-close\"  >\n    <span><\/span>\n  <i class=\"icon-plus\" aria-hidden=\"true\" ><\/i><\/a>\n\n\n<div class=\"video-container\">\n<iframe loading=\"lazy\" width=\"560\" height=\"315\" src=\"https:\/\/www.youtube.com\/embed\/kkJ3Qh8apSY?rel=0&amp;showinfo=0\" frameborder=\"0\" allowfullscreen=\"\" allowscriptaccess=\"always\"><\/iframe><\/div>\n\n\t\t<\/div>\n\t\t\t\t\t<\/div>\n\n\t\n\n<\/div>\n\n\t\t<\/div>\n\t\t\t\t\n<style>\n#col-432334392 > .col-inner {\n  max-width: 85%;\n}\n<\/style>\n\t<\/div>\n\n\t\n\n<\/div>\n\n\t\t<\/div>\n\n\t\t\n<style>\n#section_873875645 {\n  padding-top: 30px;\n  padding-bottom: 30px;\n  min-height: 100vh;\n}\n#section_873875645 .section-bg.bg-loaded {\n  background-image: url(https:\/\/www.houblonde.com\/wp-content\/uploads\/home-background-alt3.jpg);\n}\n#section_873875645 .ux-shape-divider--top svg {\n  height: 150px;\n  --divider-top-width: 100%;\n}\n#section_873875645 .ux-shape-divider--bottom svg {\n  height: 150px;\n  --divider-width: 100%;\n}\n<\/style>\n\t<\/section>\n\t\n\n","protected":false},"excerpt":{"rendered":"","protected":false},"author":1,"featured_media":0,"parent":0,"menu_order":5,"comment_status":"closed","ping_status":"closed","template":"page-transparent-header-light.php","meta":{"inline_featured_image":false},"_links":{"self":[{"href":"https:\/\/www.houblonde.com\/de\/wp-json\/wp\/v2\/pages\/1309"}],"collection":[{"href":"https:\/\/www.houblonde.com\/de\/wp-json\/wp\/v2\/pages"}],"about":[{"href":"https:\/\/www.houblonde.com\/de\/wp-json\/wp\/v2\/types\/page"}],"author":[{"embeddable":true,"href":"https:\/\/www.houblonde.com\/de\/wp-json\/wp\/v2\/users\/1"}],"replies":[{"embeddable":true,"href":"https:\/\/www.houblonde.com\/de\/wp-json\/wp\/v2\/comments?post=1309"}],"version-history":[{"count":10,"href":"https:\/\/www.houblonde.com\/de\/wp-json\/wp\/v2\/pages\/1309\/revisions"}],"predecessor-version":[{"id":4131,"href":"https:\/\/www.houblonde.com\/de\/wp-json\/wp\/v2\/pages\/1309\/revisions\/4131"}],"wp:attachment":[{"href":"https:\/\/www.houblonde.com\/de\/wp-json\/wp\/v2\/media?parent=1309"}],"curies":[{"name":"wp","href":"https:\/\/api.w.org\/{rel}","templated":true}]}}