{"id":1317,"date":"2017-08-24T21:32:24","date_gmt":"2017-08-24T20:32:24","guid":{"rendered":"https:\/\/www.houblonde.com\/secret\/"},"modified":"2024-02-22T10:32:25","modified_gmt":"2024-02-22T09:32:25","slug":"geheimnis-2","status":"publish","type":"page","link":"https:\/\/www.houblonde.com\/de\/geheimnis-2\/","title":{"rendered":"Das Geheimnis"},"content":{"rendered":"\n\t<section class=\"section section-secret is-full-height\" id=\"section_1235257084\">\n\t\t<div class=\"bg section-bg fill bg-fill  \" >\n\n\t\t\t\n\t\t\t\n\t\t\t\n\n\t\t<\/div>\n\n\t\t\n\n\t\t<div class=\"section-content relative\">\n\t\t\t\n\n<div class=\"row align-middle align-center main-row\"  id=\"row-95574775\">\n\n\n\t<div id=\"col-1915103836\" class=\"col houblonde-image medium-2 small-12 large-2\"  >\n\t\t\t\t<div class=\"col-inner text-center\"  >\n\t\t\t\n\t\t\t\n\n\t<div class=\"img has-hover x md-x lg-x y md-y lg-y\" id=\"image_16326527\">\n\t\t<a class=\"\" href=\"\/wp-content\/uploads\/Houblonde-Sales-sheet-UK.pdf\" target=\"_blank\" rel=\"noopener noreferrer\" >\t\t\t\t\t\t<div class=\"img-inner dark\" >\n\t\t\t\t\t\t\t\t\t\n\t\t\t\t\t<\/div>\n\t\t\t\t\t\t<\/a>\t\t\n<style>\n#image_16326527 {\n  width: 100%;\n}\n<\/style>\n\t<\/div>\n\t\n\n\t<div class=\"img has-hover x md-x lg-x y md-y lg-y\" id=\"image_6950362\">\n\t\t\t\t\t\t\t\t<div class=\"img-inner dark\" >\n\t\t\t<img width=\"584\" height=\"448\" src=\"https:\/\/www.houblonde.com\/wp-content\/uploads\/HOUBLONDE-web-3bout.png\" class=\"attachment-large size-large\" alt=\"\" loading=\"lazy\" srcset=\"https:\/\/www.houblonde.com\/wp-content\/uploads\/HOUBLONDE-web-3bout.png 584w, https:\/\/www.houblonde.com\/wp-content\/uploads\/HOUBLONDE-web-3bout-300x230.png 300w\" sizes=\"(max-width: 584px) 100vw, 584px\" \/>\t\t\t\t\t\t\n\t\t\t\t\t<\/div>\n\t\t\t\t\t\t\t\t\n<style>\n#image_6950362 {\n  width: 100%;\n}\n<\/style>\n\t<\/div>\n\t\n\n<a rel=\"noopener noreferrer\" href=\"https:\/\/www.houblonde.com\/wp-content\/uploads\/Houblonde-Sales-sheet-DE-blonde-triple-white-1-1.pdf\" target=\"_blank\" class=\"button white is-link is-small button-argu\"  style=\"border-radius:3px;\">\n  <i class=\"icon-search\" aria-hidden=\"true\" ><\/i>  <span>Weitere informationen<\/span>\n  <\/a>\n\n\n\n\t\t<\/div>\n\t\t\t\t\n<style>\n#col-1915103836 > .col-inner {\n  padding: 50px 0px 0px 0px;\n}\n<\/style>\n\t<\/div>\n\n\t\n\n\t<div id=\"col-1186554723\" class=\"col main-column medium-10 small-12 large-10\"  >\n\t\t\t\t<div class=\"col-inner text-left dark\" style=\"background-color:rgba(0, 0, 0, 0.8);\" >\n\t\t\t\n\t\t\t\n\n<div class=\"row row-collapse align-equal content-row\"  id=\"row-223869542\">\n\n\n\t<div id=\"col-1150686301\" class=\"col image-column secret medium-3 small-12 large-3\"  >\n\t\t\t\t<div class=\"col-inner text-center\"  >\n\t\t\t\n\t\t\t\n\n<a class=\"button white is-link expand button-video active\"  >\n    <span>Sehen sie das video university<\/span>\n  <i class=\"icon-youtube\" aria-hidden=\"true\" ><\/i><\/a>\n\n\n<a class=\"button white is-link expand button-video-2\"  >\n    <span>Sehen sie das video laboratory<\/span>\n  <i class=\"icon-youtube\" aria-hidden=\"true\" ><\/i><\/a>\n\n\n\n\t\t<\/div>\n\t\t\t\t\t<\/div>\n\n\t\n\n\t<div id=\"col-2091776\" class=\"col content-column-secret medium-9 small-12 large-9\"  >\n\t\t\t\t<div class=\"col-inner\"  >\n\t\t\t\n\t\t\t\n\n<h1><img class=\"content-picto alignnone wp-image-466\" src=\"https:\/\/www.houblonde.com\/wp-content\/uploads\/picto_secret.svg\" alt=\"\" width=\"60\">&nbsp;Das Geheimnis<\/h1>\n\n\t\t<div class=\"tabbed-content\">\n\t\t\t\n\t\t\t<ul class=\"nav nav-divided nav-uppercase nav-size-normal nav-left\" role=\"tablist\"><li id=\"tab-die-dynamisierung-des-wassers\" class=\"tab active has-icon\" role=\"presentation\"><a href=\"#tab_die-dynamisierung-des-wassers\" role=\"tab\" aria-selected=\"true\" aria-controls=\"tab_die-dynamisierung-des-wassers\"><span>Die Dynamisierung des Wassers<\/span><\/a><\/li>\n<li id=\"tab-blumenelixier-und-gew\u00fcrze\" class=\"tab has-icon\" role=\"presentation\"><a href=\"#tab_blumenelixier-und-gew\u00fcrze\" tabindex=\"-1\" role=\"tab\" aria-selected=\"false\" aria-controls=\"tab_blumenelixier-und-gew\u00fcrze\"><span>Blumenelixier und Gew\u00fcrze<\/span><\/a><\/li>\n<li id=\"tab-das-licht\" class=\"tab has-icon\" role=\"presentation\"><a href=\"#tab_das-licht\" tabindex=\"-1\" role=\"tab\" aria-selected=\"false\" aria-controls=\"tab_das-licht\"><span>Das Licht<\/span><\/a><\/li>\n<li id=\"tab-die-symboliken\" class=\"tab has-icon\" role=\"presentation\"><a href=\"#tab_die-symboliken\" tabindex=\"-1\" role=\"tab\" aria-selected=\"false\" aria-controls=\"tab_die-symboliken\"><span>Die Symboliken<\/span><\/a><\/li><\/ul><div class=\"tab-panels\"><div id=\"tab_die-dynamisierung-des-wassers\" class=\"panel active entry-content\" role=\"tabpanel\" aria-labelledby=\"tab-die-dynamisierung-des-wassers\">\n\n<h3><span style=\"font-size: 120%;\"><strong>HOUBLONDE ist mit dynamisiertem Wasser gebraut !<\/strong><\/span><\/h3>\n<p>Dies bedeutet, dass es durch einen <strong>Vortex<\/strong> dynamisiert wurde. Dieser erzeugt eine Verwirbelung im Wasser und generiert damit kinetische Energie (vergleichbar mit einem Hurrikan). Erg\u00e4nzt wird dies durch Magnetfelder und mineralische Eigenfrequenz.<\/p>\n<h3><strong>Biomimikry<\/strong><\/h3>\n<p>Der Prozess der Wasser-Dynamisierung reproduziert den nat\u00fcrlichen Kreislauf des Wassers in konzentrierter Weise. Er pr\u00e4gt dem Wasser Bewegungen \u00e4hnlich denen der Natur auf und \u00fcbertr\u00e4gt so diese auf nat\u00fcrlichem Weg gespeicherte Charakteristik.<\/p>\n<p><strong>Resultat\u00a0:\u00a0<\/strong>Das Wasser wird neu strukturiert und findet seine urspr\u00fcnglichen Eigenschaften wieder, die denen vergleichbar sind, das in der Natur flie\u00dft, ein Wasser, das mit photonischer Energie gef\u00fcllt ist (Energiewert im Sinne von Elektron\/Photon, der von einer elektrophotonischen Kamera erfasst wird, Prinzip des Korona- oder Kirlian-Effekts).<\/p>\n<p><img loading=\"lazy\" class=\"alignnone size-medium wp-image-3101\" src=\"https:\/\/www.houblonde.com\/wp-content\/uploads\/Energetic-Comparison-2020.07-300x169.png\" alt=\"\" width=\"300\" height=\"169\" srcset=\"https:\/\/www.houblonde.com\/wp-content\/uploads\/Energetic-Comparison-2020.07-300x169.png 300w, https:\/\/www.houblonde.com\/wp-content\/uploads\/Energetic-Comparison-2020.07-1024x576.png 1024w, https:\/\/www.houblonde.com\/wp-content\/uploads\/Energetic-Comparison-2020.07-768x432.png 768w, https:\/\/www.houblonde.com\/wp-content\/uploads\/Energetic-Comparison-2020.07.png 1280w\" sizes=\"(max-width: 300px) 100vw, 300px\" \/><\/p>\n<p>Dar\u00fcber hinaus \u00fcbertr\u00e4gt das dynamisierte Wasser seine <strong>geschmacklichen<\/strong> und <strong>geruchlichen<\/strong> Qualit\u00e4ten auf das Bier! Das merkt man in der Feinheit und der samtigen Weichheit seines Geschmacks, mit seiner erfrischenden Note, die lange im Mund bleibt, seinem Prickeln sowie seinem cremigen und s\u00e4migen Schaum.<\/p>\n<h3><span style=\"font-size: 100%;\"><strong>Im Labor nachgewiesen<\/strong><\/span><\/h3>\n<p><img loading=\"lazy\" class=\"wp-image-2014 size-medium alignright\" src=\"https:\/\/www.houblonde.com\/wp-content\/uploads\/Tubes-EBC-comparatifs-UCL-300x292.png\" alt=\"\" width=\"300\" height=\"292\" srcset=\"https:\/\/www.houblonde.com\/wp-content\/uploads\/Tubes-EBC-comparatifs-UCL-300x292.png 300w, https:\/\/www.houblonde.com\/wp-content\/uploads\/Tubes-EBC-comparatifs-UCL-768x746.png 768w, https:\/\/www.houblonde.com\/wp-content\/uploads\/Tubes-EBC-comparatifs-UCL-1024x995.png 1024w, https:\/\/www.houblonde.com\/wp-content\/uploads\/Tubes-EBC-comparatifs-UCL.png 1105w\" sizes=\"(max-width: 300px) 100vw, 300px\" \/>Im wissenschaftlich und technischen Brauerei-Labors der UCL (Katholische Universit\u00e4t L\u00f6wen, Belgien) verglichen Experten in einem Blindvergleich die Auswirkungen der Wasser-Revitalisierung von 2 identischen, nach gleichem Rezept gebrauten Bieren: Das Erste mit dynamisiertem Wasser, das Zweite mit normalem Wasser ab Hahn ohne Dynamisierung.<\/p>\n<p><strong>Resultat\u00a0?<\/strong>\u00a05 professionelle Verkoster (Professoren &amp; Braumeister der UCL) kamen zum gleichen Ergebnis :<em>\u00ab Das dynamisierte Bier ist objektiv klarer, feiner, sanfter, leichter, erfrischender und durstl\u00f6schend, prickelnder und mit weniger Nach-Bitterkeit als das nicht dynamisierte Bier \u00bb <\/em><\/p>\n<p style=\"text-align: center;\"><span style=\"font-size: 180%;\"><span style=\"color: #009ad1;\"><strong>\u00ab Die ganze Kraft der Natur <br \/>im Dienste des Geschmacks \u00bb<\/strong><\/span><\/span><\/p>\n\n<\/div>\n<div id=\"tab_blumenelixier-und-gew\u00fcrze\" class=\"panel entry-content\" role=\"tabpanel\" aria-labelledby=\"tab-blumenelixier-und-gew\u00fcrze\">\n\n<h3><strong><span style=\"font-size: 120%;\">HOUBLONDE konzentriert die gesamte Quintessenz des floralen Universums.<\/span><\/strong><\/h3>\n<h3><strong>Florare Elixiere<\/strong><\/h3>\n<p>HOUBLONDE enth\u00e4lt das <strong>florale Elixier<\/strong> der Wildblume <strong>Astrantia Major<\/strong>, welche in Bergen der Pyren\u00e4en in mehr als 1\u2018400 Meter H\u00f6he w\u00e4chst. Sie wird durch solare Mazeration aus der ganzen Bl\u00fcte gewonnen. Das Elixier konzentriert und \u00fcbertr\u00e4gt die Energiesignatur der Blume auf das HOUBLONDE Bier.<\/p>\n<p>Dieses Elixier erh\u00e4lt man ausschliesslich unter Verwendung von reifen Blumen, geerntet an Orten frei vor jeglicher Verschmutzung. Die Bl\u00fcten werden eingetaucht in Quellwasser aus der N\u00e4he ihrer Verarbeitung. Dieses wird energetisiert und in eine Glassch\u00fcssel gegossen. Diese Glassch\u00fcssel wird der Sonne mehr als drei Stunden lang ausgesetzt. Die Blumen werden nun sorgf\u00e4ltig entfernt und die Fl\u00fcssigkeit nach Filterung in eine dunkle Flasche gegossen, danach nochmals energetisiert (durch einen Spiralwirbel (Vortex) in Ei-Form). Daraus bekommen wir das \u00ab Mutter \u00bb &#8211; Elixier. Dies wird mit 50 % in einer organische Cognac-Basis (40 % Vol. zum Zweck der Konservierung) und purem Wasser verd\u00fcnnt. Daraus entsteht das \u00ab Tochter \u00bb &#8211; Elixier, welches HOUBLONDE -Bier hinzugef\u00fcgt wird. Das Elixier \u00ab Astrantia \u00bb ist von Zertifizierungsstelle \u00ab Ecocert \u00bb mit \u00ab aus biologischen Ursprung \u00bb zertifiziert.<\/p>\n<p>Die Blume, dessen Elixier Teil des Rezepts von HOUBLONDE (Astrantia Major) wurde, ist eine Doldenbl\u00fctler welcher in nassem Boden mit viel Sonne gedeiht. Sie zieht das \u00fcbersch\u00fcssige Wasser aus dem Boden, um es in die lichtdurchflutete Luft zu verdunsten. Damit durchl\u00fcftet sie den \u00fcberfluteten Boden. Mit dieser Metamorphose zeigt sie ihre ganze energetische Alchemie. Diese Erkenntnisse, erkl\u00e4ren ihre <strong>psycho-existentiellen<\/strong> Tugenden. Indem uns die \u00ab Astrantia Major \u00bb Luft gibt, erm\u00f6glicht sie uns zu atmen und befreit uns von Spannungen und Dichte und bietet uns Leichtigkeit und innere Ruhe! Sie erhellt die Schattenbereiche und <strong>durchdringt mit ihrem Licht die Herzen unserer Zellen<\/strong>. Alle floralen Elixiere katalysieren unsere Emotionen und helfen unserem Gewissen mehr Authentizit\u00e4t und pers\u00f6nliche Entwicklung zu entwickeln. Das Elixier Astrantia im Bier HOUBLONDE f\u00fchrt und begleitet diesen Transformations- und Transmutationsprozess.<\/p>\n<h3>Die Vanille<\/h3>\n<p>HOUBLONDE enth\u00e4lt auch <strong>Vanille<\/strong>, gewonnen durch den Aufguss von frischen Vanilleschoten. Seine weichen und subtilen Aromen vereinen sich wunderbar mit den Getreiden Gerste, Weizen und Hopfen und geben dem Bier HOUBLONDE seinen samtigen, weichen und zarten Geschmack.<\/p>\n<p style=\"text-align: center;\"><span style=\"font-size: 180%;\"><span style=\"color: #009ad1;\"><strong>\u00ab Die ganze Kraft der Natur <br \/>im Dienste des Geschmacks \u00bb<\/strong><\/span><\/span><\/p>\n\n<\/div>\n<div id=\"tab_das-licht\" class=\"panel entry-content\" role=\"tabpanel\" aria-labelledby=\"tab-das-licht\">\n\n<h3><span style=\"font-size: 120%;\">Zum ersten Mal in der Welt wurde die elektrophotonische energie in einem Bier gemessen, dem HOUBLONDE ! <\/span><\/h3>\n<p>Wir haben mit einer elektrophotonischen Kamera photonische Schwingungen (Lichtteilchen) im Bier HOUBLONDE erfasst und verglichen sie mit jenen in einem bekannten Standard-Bier &#8230;<\/p>\n<p>Die Ergebnisse sind frappant, schauen Sie sich die Bilder an: Sehen Sie die Energie des HOUBLONDE Biers im Vergleich zum Standard-Bier, sehen Sie die Differenz der Lichtstrahlung und die Harmonie seiner Struktur.<\/p>\n<p style=\"text-align: center;\"><img loading=\"lazy\" class=\"alignnone size-full wp-image-762\" src=\"https:\/\/www.houblonde.com\/wp-content\/uploads\/image010.jpg\" alt=\"\" width=\"235\" height=\"221\" \/>\u00a0 \u00a0 \u00a0 \u00a0<img loading=\"lazy\" class=\"alignnone size-full wp-image-763\" src=\"https:\/\/www.houblonde.com\/wp-content\/uploads\/image012.jpg\" alt=\"\" width=\"221\" height=\"221\" srcset=\"https:\/\/www.houblonde.com\/wp-content\/uploads\/image012.jpg 221w, https:\/\/www.houblonde.com\/wp-content\/uploads\/image012-150x150.jpg 150w\" sizes=\"(max-width: 221px) 100vw, 221px\" \/><\/p>\n<p style=\"text-align: center;\"><span style=\"font-size: 80%;\"><em>Biolumineszenz und harmonische Struktur des HOUBLONDE Biers<\/em><\/span><\/p>\n<p style=\"text-align: center;\"><img loading=\"lazy\" class=\"alignnone wp-image-764 size-full\" src=\"https:\/\/www.houblonde.com\/wp-content\/uploads\/image024.jpg\" alt=\"\" width=\"233\" height=\"233\" srcset=\"https:\/\/www.houblonde.com\/wp-content\/uploads\/image024.jpg 233w, https:\/\/www.houblonde.com\/wp-content\/uploads\/image024-150x150.jpg 150w\" sizes=\"(max-width: 233px) 100vw, 233px\" \/>\u00a0 \u00a0 \u00a0 \u00a0<img loading=\"lazy\" class=\"alignnone wp-image-765 size-full\" src=\"https:\/\/www.houblonde.com\/wp-content\/uploads\/image025.jpg\" alt=\"\" width=\"228\" height=\"228\" srcset=\"https:\/\/www.houblonde.com\/wp-content\/uploads\/image025.jpg 228w, https:\/\/www.houblonde.com\/wp-content\/uploads\/image025-150x150.jpg 150w\" sizes=\"(max-width: 228px) 100vw, 228px\" \/><\/p>\n<p style=\"text-align: center;\"><span style=\"font-size: 80%;\"><em>Fehlen der Biolumineszenz und der harmonischen Struktur des Standard-Biers<\/em><\/span><\/p>\n<p style=\"text-align: center;\"><span style=\"font-size: 180%;\"><span style=\"color: #009ad1;\"><strong>\u00ab Die ganze Kraft der Natur <br \/>im Dienste des Geschmacks \u00bb<\/strong><\/span><\/span><\/p>\n\n<\/div>\n<div id=\"tab_die-symboliken\" class=\"panel entry-content\" role=\"tabpanel\" aria-labelledby=\"tab-die-symboliken\">\n\n<h3><span style=\"font-size: 120%;\"><strong>Das hexagonale Logo von HOUBLONDE reflektiert seine Seele\u00a0!<\/strong><\/span><\/h3>\n<p style=\"text-align: center;\"><img loading=\"lazy\" class=\"size-full wp-image-534 alignright\" src=\"https:\/\/www.houblonde.com\/wp-content\/uploads\/VE.jpg\" alt=\"\" width=\"300\" height=\"300\" srcset=\"https:\/\/www.houblonde.com\/wp-content\/uploads\/VE.jpg 300w, https:\/\/www.houblonde.com\/wp-content\/uploads\/VE-150x150.jpg 150w\" sizes=\"(max-width: 300px) 100vw, 300px\" \/><\/p>\n<p><strong>Das Sechseck (Hexagon)<\/strong> in seiner Version in 3 Dimensionen ist ein <strong>Kuboktaeder<\/strong>, der ein K\u00f6rper von Archimedes ist. Der Kuboktaeder besteht aus 8 Dreiecken (Tetraeder in 3D), 6 Quadraten (3D W\u00fcrfel) und 12 identischen Gipfelpunkten. Es ist die einzige geometrische Form, in der alle Vektoren (Kanten) die gleiche L\u00e4nge haben, sowohl diejenigen, die Scheitelpunkte verbinden, als auch diejenigen, die von der Mitte zu Gipfelpunkten verlaufen. Dar\u00fcber hinaus stehen alle diese Vektoren in einem Winkel von 60 \u00b0. Der Kuboktaeder hat eine perfekte Symmetrie, was der Grund ist, warum er Vektoren-Gleichgewicht (VG) genannt wird. Er wird von Insidern als DIE Grundlage f\u00fcr die strukturelle Geometrie des Kosmos gesehen. Aus Energie-Sicht repr\u00e4sentiert das VG die Welle der perfekten Form, die eine Energie-Bewegung produziert, die zu einem Zustand des absoluten Gleichgewichts f\u00fchrt (der Nullpunkt oder die absolute Leere).<\/p>\n<p>\u00a0<\/p>\n<p>Der <strong>Barcode<\/strong> von dem Blonde auf dem Etikett enth\u00e4lt <strong>Fibonacci-Reihe<\/strong>\u00a0:<\/p>\n<ul>\n<li>5 41 = sind die Belgien\u00a0entsprechenden Zahlen<\/li>\n<li>1065 = sind die der Brauerei\u00a0entsprechenden Zahlen<\/li>\n<li><strong>3, 5, 8, 13<\/strong> = sind die von \u00ab\u00a0Houblonde SPRL\u00a0\u00bb gew\u00e4hlten Zahlen, die der Fibonacci-Zahlenfolge entsprechen (verbunden mit dem Goldenen Schnitt Phi)<\/li>\n<li><strong>8<\/strong> = automatischer Best\u00e4tigungs-Code (= 8 = universale Zahl &#8211; ist Teil der Fibonacci-Reihe)<\/li>\n<\/ul>\n<h3><strong>Das Wasser<\/strong><\/h3>\n<p>Das Hexagon entspricht auch der Struktur des lebendigem Wassers, die in dem im Houblonde-Bier vorhandenen dynamisierten Wasser gefunden wird. Das hei\u00dft eine <strong>molekulare Struktur mit 6 Punkte<\/strong> wie auf den dynamisiertem Wasserkristall-Photos gezeigt!<\/p>\n<p><img loading=\"lazy\" class=\"wp-image-536 size-medium aligncenter\" style=\"color: #333333; font-size: 14.4px;\" src=\"https:\/\/www.houblonde.com\/wp-content\/uploads\/A_mit-GIE-300x300.jpg\" alt=\"\" width=\"300\" height=\"300\" srcset=\"https:\/\/www.houblonde.com\/wp-content\/uploads\/A_mit-GIE-300x300.jpg 300w, https:\/\/www.houblonde.com\/wp-content\/uploads\/A_mit-GIE-150x150.jpg 150w, https:\/\/www.houblonde.com\/wp-content\/uploads\/A_mit-GIE-768x768.jpg 768w, https:\/\/www.houblonde.com\/wp-content\/uploads\/A_mit-GIE-1024x1024.jpg 1024w, https:\/\/www.houblonde.com\/wp-content\/uploads\/A_mit-GIE.jpg 1772w\" sizes=\"(max-width: 300px) 100vw, 300px\" \/><\/p>\n<p style=\"text-align: center;\"><span style=\"font-size: 80%;\"><em>Bild des Wasserkristalls von dynamisiertem Wasser = Kristall mit 6 Gipfelpunkten, wenn man sie verbindet ergibt sich ein Hexagon (Sechseck); Dar\u00fcber hinaus ist das Herz des Kristalls auch ein Sechseck!<\/em><\/span><\/p>\n<p>Das HOUBLONDE-Logo ist daher ein Sechseck, in dessen Struktur in den <strong>6 Gipfelpunkten die Symbole von Getreide (Gerste und Weizen) und die Blumen von Hopfen eingearbeitet<\/strong> sind als Bezug zum Bier! Die <strong>blaue Farbe<\/strong> des Logos ist erinnert an das Wasser. Das <strong>gl\u00e4nzende<\/strong> Aussehen des Aluminium-Etikettenpapiers repr\u00e4sentiert das in belebtem Wasser vorhandene Licht und die photonische Energie.<\/p>\n<p style=\"text-align: center;\"><span style=\"font-size: 180%;\"><span style=\"color: #009ad1;\"><strong>\u00ab Die ganze Kraft der Natur <br \/>im Dienste des Geschmacks \u00bb<\/strong><\/span><\/span><\/p>\n\n<\/div><\/div><\/div>\n\n\t\t<\/div>\n\t\t\t\t\n<style>\n#col-2091776 > .col-inner {\n  max-width: 95%;\n}\n<\/style>\n\t<\/div>\n\n\t\n\n\t<div id=\"col-685907271\" class=\"col video-column small-12 large-12\"  >\n\t\t\t\t<div class=\"col-inner\"  >\n\t\t\t\n\t\t\t\n\n<a class=\"button white is-link is-xlarge video-close\"  >\n    <span><\/span>\n  <i class=\"icon-plus\" aria-hidden=\"true\" ><\/i><\/a>\n\n\n<div class=\"video-container active\"><iframe src=https:\/\/www.youtube.com\/embed\/BLOWFDN0Xfc?rel=0&amp;showinfo=0\" width=\"560\" height=\"315\" frameborder=\"0\" allowfullscreen=\"allowfullscreen\"><\/iframe><\/div>\n<div class=\"video-container-2\"><iframe loading=\"lazy\" src=\"https:\/\/www.youtube.com\/embed\/N8V9LrxDJAc?rel=0&amp;showinfo=0\" width=\"560\" height=\"315\" frameborder=\"0\" allowfullscreen=\"allowfullscreen\"><\/iframe><\/div>\n\n\t\t<\/div>\n\t\t\t\t\t<\/div>\n\n\t\n\n<\/div>\n\n\t\t<\/div>\n\t\t\t\t\n<style>\n#col-1186554723 > .col-inner {\n  max-width: 85%;\n}\n<\/style>\n\t<\/div>\n\n\t\n\n<\/div>\n\n\t\t<\/div>\n\n\t\t\n<style>\n#section_1235257084 {\n  padding-top: 30px;\n  padding-bottom: 30px;\n  min-height: 100vh;\n}\n#section_1235257084 .section-bg.bg-loaded {\n  background-image: url(https:\/\/www.houblonde.com\/wp-content\/uploads\/home-background-alt3.jpg);\n}\n#section_1235257084 .ux-shape-divider--top svg {\n  height: 150px;\n  --divider-top-width: 100%;\n}\n#section_1235257084 .ux-shape-divider--bottom svg {\n  height: 150px;\n  --divider-width: 100%;\n}\n<\/style>\n\t<\/section>\n\t\n\n","protected":false},"excerpt":{"rendered":"","protected":false},"author":1,"featured_media":0,"parent":0,"menu_order":6,"comment_status":"closed","ping_status":"closed","template":"page-transparent-header-light.php","meta":{"inline_featured_image":false},"_links":{"self":[{"href":"https:\/\/www.houblonde.com\/de\/wp-json\/wp\/v2\/pages\/1317"}],"collection":[{"href":"https:\/\/www.houblonde.com\/de\/wp-json\/wp\/v2\/pages"}],"about":[{"href":"https:\/\/www.houblonde.com\/de\/wp-json\/wp\/v2\/types\/page"}],"author":[{"embeddable":true,"href":"https:\/\/www.houblonde.com\/de\/wp-json\/wp\/v2\/users\/1"}],"replies":[{"embeddable":true,"href":"https:\/\/www.houblonde.com\/de\/wp-json\/wp\/v2\/comments?post=1317"}],"version-history":[{"count":10,"href":"https:\/\/www.houblonde.com\/de\/wp-json\/wp\/v2\/pages\/1317\/revisions"}],"predecessor-version":[{"id":4167,"href":"https:\/\/www.houblonde.com\/de\/wp-json\/wp\/v2\/pages\/1317\/revisions\/4167"}],"wp:attachment":[{"href":"https:\/\/www.houblonde.com\/de\/wp-json\/wp\/v2\/media?parent=1317"}],"curies":[{"name":"wp","href":"https:\/\/api.w.org\/{rel}","templated":true}]}}