{"id":1326,"date":"2017-09-13T11:19:11","date_gmt":"2017-09-13T10:19:11","guid":{"rendered":"https:\/\/www.houblonde.com\/ordering\/"},"modified":"2024-02-22T10:34:46","modified_gmt":"2024-02-22T09:34:46","slug":"bestellen","status":"publish","type":"page","link":"https:\/\/www.houblonde.com\/de\/bestellen\/","title":{"rendered":"Bestellen"},"content":{"rendered":"\n\t<section class=\"section is-full-height\" id=\"section_1888658077\">\n\t\t<div class=\"bg section-bg fill bg-fill  \" >\n\n\t\t\t\n\t\t\t\n\t\t\t\n\n\t\t<\/div>\n\n\t\t\n\n\t\t<div class=\"section-content relative\">\n\t\t\t\n\n<div class=\"row align-middle align-center main-row\"  id=\"row-1009395909\">\n\n\n\t<div id=\"col-333185753\" class=\"col houblonde-image medium-2 small-12 large-2\"  >\n\t\t\t\t<div class=\"col-inner text-center\"  >\n\t\t\t\n\t\t\t\n\n\t<div class=\"img has-hover x md-x lg-x y md-y lg-y\" id=\"image_697873598\">\n\t\t<a class=\"\" href=\"\/wp-content\/uploads\/Houblonde-Sales-sheet-DE.pdf\" target=\"_blank\" rel=\"noopener noreferrer\" >\t\t\t\t\t\t<div class=\"img-inner dark\" >\n\t\t\t\t\t\t\t\t\t\n\t\t\t\t\t<\/div>\n\t\t\t\t\t\t<\/a>\t\t\n<style>\n#image_697873598 {\n  width: 100%;\n}\n<\/style>\n\t<\/div>\n\t\n\n<a rel=\"noopener noreferrer\" href=\"\/wp-content\/uploads\/Houblonde-Sales-sheet-DE.pdf\" target=\"_blank\" class=\"button white is-link is-small button-argu\"  style=\"border-radius:3px;\">\n  <i class=\"icon-search\" aria-hidden=\"true\" ><\/i>  <span>Weitere informationen<\/span>\n  <\/a>\n\n\n\n\t\t<\/div>\n\t\t\t\t\n<style>\n#col-333185753 > .col-inner {\n  padding: 50px 0px 0px 0px;\n}\n<\/style>\n\t<\/div>\n\n\t\n\n\t<div id=\"col-2015454707\" class=\"col main-column medium-10 small-12 large-10\"  >\n\t\t\t\t<div class=\"col-inner text-left dark\" style=\"background-color:rgba(0, 0, 0, 0.8);\" >\n\t\t\t\n\t\t\t\n\n<div class=\"row row-collapse align-equal content-row\"  id=\"row-1050288274\">\n\n\n\t<div id=\"col-1196286152\" class=\"col image-column order medium-3 small-12 large-3\"  >\n\t\t\t\t<div class=\"col-inner\"  >\n\t\t\t\n\t\t\t\n\n\n\t\t<\/div>\n\t\t\t\t\t<\/div>\n\n\t\n\n\t<div id=\"col-993363816\" class=\"col content-column medium-9 small-12 large-9\"  >\n\t\t\t\t<div class=\"col-inner\"  >\n\t\t\t\n\t\t\t\n\n<h1><img class=\"content-picto alignnone wp-image-466\" src=\"https:\/\/www.houblonde.com\/wp-content\/uploads\/picto_cart.svg\" alt=\"\" width=\"60\" \/>\u00a0Bestellen Houblonde<\/h1>\n<p><span style=\"font-size: 100%;\">Sie sind \u00fcberzeugt von den Qualit\u00e4ten von HOUBLONDE? Sind Sie Gro\u00dfh\u00e4ndler, Einzelh\u00e4ndler, ein Hotel, Restaurant oder ein exklusives Caf\u00e9 &#8230; und Sie w\u00fcnschen dieses innovative Bier-Konzept in das Produkteportfolio Ihres Unternehmens aufzunehmen? F\u00fcllen Sie das untenstehende Formular aus, und das HOUBLONDE-Team wird Sie kontaktieren.<\/span><\/p>\n<div class=\"caldera-grid\" id=\"caldera_form_1\" data-cf-ver=\"1.9.6\" data-cf-form-id=\"CF59f4a57810db7\"><div id=\"caldera_notices_1\" data-spinner=\"https:\/\/www.houblonde.com\/wp-admin\/images\/spinner.gif\"><\/div><form data-instance=\"1\" class=\"CF59f4a57810db7 caldera_forms_form cfajax-trigger\" method=\"POST\" enctype=\"multipart\/form-data\" id=\"CF59f4a57810db7_1\" data-form-id=\"CF59f4a57810db7\" aria-label=\"Contact commande (DE)\" data-target=\"#caldera_notices_1\" data-template=\"#cfajax_CF59f4a57810db7-tmpl\" data-cfajax=\"CF59f4a57810db7\" data-load-element=\"_parent\" data-load-class=\"cf_processing\" data-post-disable=\"0\" data-action=\"cf_process_ajax_submit\" data-request=\"https:\/\/www.houblonde.com\/de\/\/cf-api\/CF59f4a57810db7\" data-hiderows=\"true\">\r\n<input type=\"hidden\" id=\"_cf_verify_CF59f4a57810db7\" name=\"_cf_verify\" value=\"674afec5ae\"  data-nonce-time=\"1777525786\" \/><input type=\"hidden\" name=\"_wp_http_referer\" value=\"\/de\/wp-json\/wp\/v2\/pages\/1326\" \/><div id=\"cf2-CF59f4a57810db7_1\"><\/div><input type=\"hidden\" name=\"_cf_frm_id\" value=\"CF59f4a57810db7\">\r\n<input type=\"hidden\" name=\"_cf_frm_ct\" value=\"1\">\r\n<input type=\"hidden\" name=\"cfajax\" value=\"CF59f4a57810db7\">\r\n<input type=\"hidden\" name=\"_cf_cr_pst\" value=\"1326\">\r\n<div class=\"hide\" style=\"display:none; overflow:hidden;height:0;width:0;\">\r\n<label>Twitter<\/label><input type=\"text\" name=\"twitter\" value=\"\" autocomplete=\"off\">\r\n<\/div><div id=\"CF59f4a57810db7_1-row-1\"  class=\"row  first_row\"><div  class=\"col-sm-6  first_col\"><div data-field-wrapper=\"fld_8768091\" class=\"form-group\" id=\"fld_8768091_1-wrap\">\r\n\t<label id=\"fld_8768091Label\" for=\"fld_8768091_1\" class=\"control-label screen-reader-text sr-only\">Vorname<\/label>\r\n\t<div class=\"\">\r\n\t\t<input placeholder=\"Vorname\"  required type=\"text\" data-field=\"fld_8768091\" class=\" form-control\" id=\"fld_8768091_1\" name=\"fld_8768091\" value=\"\" data-type=\"text\" aria-required=\"true\"   aria-labelledby=\"fld_8768091Label\" >\t\t\t<\/div>\r\n<\/div>\r\n<\/div><div  class=\"col-sm-6  last_col\"><div data-field-wrapper=\"fld_9970286\" class=\"form-group\" id=\"fld_9970286_1-wrap\">\r\n\t<label id=\"fld_9970286Label\" for=\"fld_9970286_1\" class=\"control-label screen-reader-text sr-only\">Name<\/label>\r\n\t<div class=\"\">\r\n\t\t<input placeholder=\"Name\"  required type=\"text\" data-field=\"fld_9970286\" class=\" form-control\" id=\"fld_9970286_1\" name=\"fld_9970286\" value=\"\" data-type=\"text\" aria-required=\"true\"   aria-labelledby=\"fld_9970286Label\" >\t\t\t<\/div>\r\n<\/div>\r\n<\/div><\/div><div id=\"CF59f4a57810db7_1-row-2\"  class=\"row \"><div  class=\"col-sm-6  first_col\"><div data-field-wrapper=\"fld_6009157\" class=\"form-group\" id=\"fld_6009157_1-wrap\">\r\n\t<label id=\"fld_6009157Label\" for=\"fld_6009157_1\" class=\"control-label screen-reader-text sr-only\">E-Mail-Adresse<\/label>\r\n\t<div class=\"\">\r\n\t\t<input placeholder=\"E-Mail-Adresse\"  required type=\"email\" data-field=\"fld_6009157\" class=\" form-control\" id=\"fld_6009157_1\" name=\"fld_6009157\" value=\"\" data-type=\"email\" aria-required=\"true\"   aria-labelledby=\"fld_6009157Label\" >\t\t\t<\/div>\r\n<\/div>\r\n<\/div><div  class=\"col-sm-6  last_col\"><div data-field-wrapper=\"fld_3879423\" class=\"form-group\" id=\"fld_3879423_1-wrap\">\r\n\t<label id=\"fld_3879423Label\" for=\"fld_3879423_1\" class=\"control-label screen-reader-text sr-only\">Telefon-Nr.<\/label>\r\n\t<div class=\"\">\r\n\t\t<input placeholder=\"Telefon-Nr.\"  required type=\"text\" data-field=\"fld_3879423\" class=\" form-control\" id=\"fld_3879423_1\" name=\"fld_3879423\" value=\"\" data-type=\"text\" aria-required=\"true\"   aria-labelledby=\"fld_3879423Label\" >\t\t\t<\/div>\r\n<\/div>\r\n<\/div><\/div><div id=\"CF59f4a57810db7_1-row-3\"  class=\"row \"><div  class=\"col-sm-6  first_col\"><div data-field-wrapper=\"fld_67646\" class=\"form-group\" id=\"fld_67646_1-wrap\">\r\n\t<label id=\"fld_67646Label\" for=\"fld_67646_1\" class=\"control-label screen-reader-text sr-only\">Unternehmen<\/label>\r\n\t<div class=\"\">\r\n\t\t<input placeholder=\"Unternehmen\"   type=\"text\" data-field=\"fld_67646\" class=\" form-control\" id=\"fld_67646_1\" name=\"fld_67646\" value=\"\" data-type=\"text\"   aria-labelledby=\"fld_67646Label\" >\t\t\t<\/div>\r\n<\/div>\r\n<\/div><div  class=\"col-sm-6  last_col\"><div data-field-wrapper=\"fld_2371651\" class=\"form-group\" id=\"fld_2371651_1-wrap\">\r\n\t<label id=\"fld_2371651Label\" for=\"fld_2371651_1\" class=\"control-label screen-reader-text sr-only\">Art<\/label>\r\n\t<div class=\"\">\r\n\t\t<select name=\"fld_2371651\" value=\"\" data-field=\"fld_2371651\" class=\"form-control\" id=\"fld_2371651_1\"  required=\"required\"  aria-labelledby=\"fld_2371651Label\" >\n\t\t<option value=\"\" disabled selected>Art<\/option>\t\t\t\t\t<option value=\"Grossh\u00e4ndler\"  data-calc-value=\"Grossh\u00e4ndler\" >\n\t\t\t\t\t\tGrossh\u00e4ndler\t\t\t\t\t<\/option>\n\t\t\t\t\t\t\t\t\t\t<option value=\"Einzelhandel\"  data-calc-value=\"Einzelhandel\" >\n\t\t\t\t\t\tEinzelhandel\t\t\t\t\t<\/option>\n\t\t\t\t\t\t\t\t\t\t<option value=\"Restaurant, Caf\u00e9, Hotel\"  data-calc-value=\"Restaurant, Caf\u00e9, Hotel\" >\n\t\t\t\t\t\tRestaurant, Caf\u00e9, Hotel\t\t\t\t\t<\/option>\n\t\t\t\t\t\t\t<\/select>\n\t\t\t<\/div>\r\n<\/div>\r\n<\/div><\/div><div id=\"CF59f4a57810db7_1-row-4\"  class=\"row \"><div  class=\"col-sm-12  single\"><div data-field-wrapper=\"fld_7039555\" class=\"form-group\" id=\"fld_7039555_1-wrap\">\r\n\t<label id=\"fld_7039555Label\" for=\"fld_7039555_1\" class=\"control-label screen-reader-text sr-only\">Adres<\/label>\r\n\t<div class=\"\">\r\n\t\t<input placeholder=\"Adres\"  required type=\"text\" data-field=\"fld_7039555\" class=\" form-control\" id=\"fld_7039555_1\" name=\"fld_7039555\" value=\"\" data-type=\"text\" aria-required=\"true\"   aria-labelledby=\"fld_7039555Label\" >\t\t\t<\/div>\r\n<\/div>\r\n<\/div><\/div><div id=\"CF59f4a57810db7_1-row-5\"  class=\"row \"><div  class=\"col-sm-6  first_col\"><div data-field-wrapper=\"fld_8109673\" class=\"form-group\" id=\"fld_8109673_1-wrap\">\r\n\t<label id=\"fld_8109673Label\" for=\"fld_8109673_1\" class=\"control-label screen-reader-text sr-only\">PLZ<\/label>\r\n\t<div class=\"\">\r\n\t\t<input placeholder=\"PLZ\"  required type=\"text\" data-field=\"fld_8109673\" class=\" form-control\" id=\"fld_8109673_1\" name=\"fld_8109673\" value=\"\" data-type=\"text\" aria-required=\"true\"   aria-labelledby=\"fld_8109673Label\" >\t\t\t<\/div>\r\n<\/div>\r\n<\/div><div  class=\"col-sm-6  last_col\"><div data-field-wrapper=\"fld_4749016\" class=\"form-group\" id=\"fld_4749016_1-wrap\">\r\n\t<label id=\"fld_4749016Label\" for=\"fld_4749016_1\" class=\"control-label screen-reader-text sr-only\">Ort<\/label>\r\n\t<div class=\"\">\r\n\t\t<input placeholder=\"Ort\"   type=\"text\" data-field=\"fld_4749016\" class=\" form-control\" id=\"fld_4749016_1\" name=\"fld_4749016\" value=\"\" data-type=\"text\"   aria-labelledby=\"fld_4749016Label\" >\t\t\t<\/div>\r\n<\/div>\r\n<\/div><\/div><div id=\"CF59f4a57810db7_1-row-6\"  class=\"row \"><div  class=\"col-sm-12  single\"><div data-field-wrapper=\"fld_7683514\" class=\"form-group\" id=\"fld_7683514_1-wrap\">\r\n\t<label id=\"fld_7683514Label\" for=\"fld_7683514_1\" class=\"control-label screen-reader-text sr-only\">Commentaar\/vragen<\/label>\r\n\t<div class=\"\">\r\n\t\t<textarea name=\"fld_7683514\" value=\"\" data-field=\"fld_7683514\" class=\"form-control\" id=\"fld_7683514_1\" rows=\"7\"  required=\"required\"  aria-labelledby=\"fld_7683514Label\" ><\/textarea>\n\t\t\t<\/div>\r\n<\/div>\r\n<\/div><\/div><div id=\"CF59f4a57810db7_1-row-7\"  class=\"row  last_row\"><div  class=\"col-sm-12  single\"><div data-field-wrapper=\"fld_7908577\" class=\"form-group\" id=\"fld_7908577_1-wrap\">\r\n<div class=\"\">\r\n\t<input  class=\"btn btn-default\" type=\"submit\" name=\"fld_7908577\" id=\"fld_7908577_1\" value=\"Senden\" data-field=\"fld_7908577\"  >\n<\/div>\r\n<\/div>\r\n\t<input class=\"button_trigger_1\" type=\"hidden\" name=\"fld_7908577\" id=\"fld_7908577_1_btn\" value=\"\" data-field=\"fld_7908577\"  \/>\n<\/div><\/div><\/form>\r\n<\/div>\r\n\n\n\t\t<\/div>\n\t\t\t\t\n<style>\n#col-993363816 > .col-inner {\n  max-width: 95%;\n}\n<\/style>\n\t<\/div>\n\n\t\n\n<\/div>\n\n\t\t<\/div>\n\t\t\t\t\n<style>\n#col-2015454707 > .col-inner {\n  max-width: 85%;\n}\n<\/style>\n\t<\/div>\n\n\t\n\n<\/div>\n\n\t\t<\/div>\n\n\t\t\n<style>\n#section_1888658077 {\n  padding-top: 30px;\n  padding-bottom: 30px;\n  min-height: 100vh;\n}\n#section_1888658077 .section-bg.bg-loaded {\n  background-image: url(https:\/\/www.houblonde.com\/wp-content\/uploads\/home-background-alt3.jpg);\n}\n#section_1888658077 .ux-shape-divider--top svg {\n  height: 150px;\n  --divider-top-width: 100%;\n}\n#section_1888658077 .ux-shape-divider--bottom svg {\n  height: 150px;\n  --divider-width: 100%;\n}\n<\/style>\n\t<\/section>\n\t\n\n","protected":false},"excerpt":{"rendered":"","protected":false},"author":1,"featured_media":0,"parent":0,"menu_order":8,"comment_status":"closed","ping_status":"closed","template":"page-transparent-header-light.php","meta":{"inline_featured_image":false},"_links":{"self":[{"href":"https:\/\/www.houblonde.com\/de\/wp-json\/wp\/v2\/pages\/1326"}],"collection":[{"href":"https:\/\/www.houblonde.com\/de\/wp-json\/wp\/v2\/pages"}],"about":[{"href":"https:\/\/www.houblonde.com\/de\/wp-json\/wp\/v2\/types\/page"}],"author":[{"embeddable":true,"href":"https:\/\/www.houblonde.com\/de\/wp-json\/wp\/v2\/users\/1"}],"replies":[{"embeddable":true,"href":"https:\/\/www.houblonde.com\/de\/wp-json\/wp\/v2\/comments?post=1326"}],"version-history":[{"count":4,"href":"https:\/\/www.houblonde.com\/de\/wp-json\/wp\/v2\/pages\/1326\/revisions"}],"predecessor-version":[{"id":4170,"href":"https:\/\/www.houblonde.com\/de\/wp-json\/wp\/v2\/pages\/1326\/revisions\/4170"}],"wp:attachment":[{"href":"https:\/\/www.houblonde.com\/de\/wp-json\/wp\/v2\/media?parent=1326"}],"curies":[{"name":"wp","href":"https:\/\/api.w.org\/{rel}","templated":true}]}}