{"id":1339,"date":"2017-09-13T13:20:31","date_gmt":"2017-09-13T12:20:31","guid":{"rendered":"https:\/\/www.houblonde.com\/general-terms\/"},"modified":"2024-02-22T10:37:47","modified_gmt":"2024-02-22T09:37:47","slug":"allgemeine-verkaufsbedingungen","status":"publish","type":"page","link":"https:\/\/www.houblonde.com\/de\/allgemeine-verkaufsbedingungen\/","title":{"rendered":"Allgemeine verkaufsbedingungen"},"content":{"rendered":"\n\t<section class=\"section is-full-height\" id=\"section_1542277162\">\n\t\t<div class=\"bg section-bg fill bg-fill  \" >\n\n\t\t\t\n\t\t\t\n\t\t\t\n\n\t\t<\/div>\n\n\t\t\n\n\t\t<div class=\"section-content relative\">\n\t\t\t\n\n<div class=\"row align-middle align-center main-row\"  id=\"row-1463136156\">\n\n\n\t<div id=\"col-1974183109\" class=\"col houblonde-image medium-2 small-12 large-2\"  >\n\t\t\t\t<div class=\"col-inner text-center\"  >\n\t\t\t\n\t\t\t\n\n\t<div class=\"img has-hover x md-x lg-x y md-y lg-y\" id=\"image_1549760049\">\n\t\t\t\t\t\t\t\t<div class=\"img-inner dark\" >\n\t\t\t<img width=\"584\" height=\"448\" src=\"https:\/\/www.houblonde.com\/wp-content\/uploads\/HOUBLONDE-web-3bout.png\" class=\"attachment-large size-large\" alt=\"\" loading=\"lazy\" srcset=\"https:\/\/www.houblonde.com\/wp-content\/uploads\/HOUBLONDE-web-3bout.png 584w, https:\/\/www.houblonde.com\/wp-content\/uploads\/HOUBLONDE-web-3bout-300x230.png 300w\" sizes=\"(max-width: 584px) 100vw, 584px\" \/>\t\t\t\t\t\t\n\t\t\t\t\t<\/div>\n\t\t\t\t\t\t\t\t\n<style>\n#image_1549760049 {\n  width: 100%;\n}\n<\/style>\n\t<\/div>\n\t\n\n\t<div class=\"img has-hover x md-x lg-x y md-y lg-y\" id=\"image_196830287\">\n\t\t<a class=\"\" href=\"\/wp-content\/uploads\/Houblonde-Sales-sheet-DE.pdf\" target=\"_blank\" rel=\"noopener noreferrer\" >\t\t\t\t\t\t<div class=\"img-inner dark\" >\n\t\t\t\t\t\t\t\t\t\n\t\t\t\t\t<\/div>\n\t\t\t\t\t\t<\/a>\t\t\n<style>\n#image_196830287 {\n  width: 100%;\n}\n<\/style>\n\t<\/div>\n\t\n\n<a rel=\"noopener noreferrer\" href=\"\/wp-content\/uploads\/Houblonde-Sales-sheet-DE.pdf\" target=\"_blank\" class=\"button white is-link is-small button-argu\"  style=\"border-radius:3px;\">\n  <i class=\"icon-search\" aria-hidden=\"true\" ><\/i>  <span>Weitere informationen<\/span>\n  <\/a>\n\n\n\n\t\t<\/div>\n\t\t\t\t\n<style>\n#col-1974183109 > .col-inner {\n  padding: 50px 0px 0px 0px;\n}\n<\/style>\n\t<\/div>\n\n\t\n\n\t<div id=\"col-303520368\" class=\"col main-column medium-10 small-12 large-10\"  >\n\t\t\t\t<div class=\"col-inner text-left dark\" style=\"background-color:rgba(0, 0, 0, 0.8);\" >\n\t\t\t\n\t\t\t\n\n<div class=\"row row-collapse content-row\"  id=\"row-913168840\">\n\n\n\t<div id=\"col-952629871\" class=\"col content-column-contact small-12 large-12\"  >\n\t\t\t\t<div class=\"col-inner\"  >\n\t\t\t\n\t\t\t\n\n<h1>Allgemeine verkaufsbedingungen<\/h1>\n<h3>1. Gegenstand<\/h3>\n<p>Diese Allgemeinen Gesch\u00e4ftsbedingungen wurden erstellt, um unseren Respekt gegen\u00fcber dem Kunden und dem Gesch\u00e4ftsvorfall zu formalisieren. Sie sollen die Bedingungen definieren, zu denen der HOUBLONDE SPRL seine Produkte seinen Kunden anbietet und verkauft. Wir verpflichten uns, die Einhaltung dieser Bedingungen zu gew\u00e4hrleisten.<\/p>\n<h3>2. Rechtliche Hinweise<\/h3>\n<p>Name: Houblonde SPRL<br \/>Registered office: Sentier Muraes 10, 1440 Braine-le-Chateau &#8211; Belgium.<br \/>EU-USt-ID Nr: BE 0683.446.162<br \/>Gesetzlicher Vertreter : Christophe Carrette <a href=\"mai&#108;&#116;&#111;&#58;&#x63;&#x68;&#x72;&#x69;&#x73;&#x74;&#x6f;phe&#46;&#99;&#97;&#114;&#114;&#x65;&#x74;&#x74;&#x65;&#x40;&#x68;oubl&#111;&#110;&#100;&#101;&#x2e;&#x63;&#x6f;&#x6d;\">&#99;&#x68;&#114;&#x69;&#115;&#x74;o&#x70;h&#101;&#x2e;&#99;&#x61;&#114;&#x72;e&#x74;t&#101;&#x40;&#104;&#x6f;&#117;&#x62;&#108;&#x6f;n&#x64;e&#46;&#x63;&#111;&#x6d;<\/a><\/p>\n<h3>3. Verf\u00fcgbarkeit von Produkten<\/h3>\n<p>PDie Produkte werden zum Verkauf solange der Vorrat reicht angeboten. Wenn Sie ein Produkt bestellen, das nicht verf\u00fcgbar ist, werden Sie als Kunde so schnell wie m\u00f6glich per E-Mail informiert.<\/p>\n<h3>4. Preise<\/h3>\n<p>Die kommunizierten Preise f\u00fcr jedes Produkt gelten in Euro und entsprechen der belgischen Gesetzgebung betreffend Verbrauchs- und Bier\/Alkoholsteuern. Alle Informationen \u00fcber die Preise der Produkte von HOUBLONDE SPRL sind enthalten in der HOUBLONDE &#8211; Preisliste, die erhalten werden kann, indem Sie eine Mail an Sentier Muraes 10, 1440 Braine-le-Chateau &#8211; Belgium\u00a0senden. Wenn die Produkte von HOUBLONDE SPRL exportiert werden, m\u00fcssen diese den Gesetzen des Landes f\u00fcr Zollabfertigung, lokale Steuern und Verbrauchsteuern entsprechen.<\/p>\n<p>Ein Verkauf ohne Mehrwertsteuer ist nur m\u00f6glich, soweit die entsprechend rechtskr\u00e4ftigen Belege im Voraus HOUBLONDE SPRL bereitgestellt werden.<\/p>\n<p>Transportgeb\u00fchren werden von Fall zu Fall zwischen dem Kunden und HOUBLONDE SPRL verhandelt.<\/p>\n<p>HOUBLONDE SPRL beh\u00e4lt sich das Recht vor, seine Preise jederzeit zu \u00e4ndern. Jedoch werden die Produkte fakturiert basierend auf den Preisen, welche zum Zeitpunkt der Bestellung in Kraft sind.<\/p>\n<h3>5. Annahme der Bedingungen<\/h3>\n<p>Mit der Aufgabe seiner Bestellung erkl\u00e4rt der Kunde, die vorliegenden Verkaufsbedingungen gelesen zu haben und sie ausdr\u00fccklich und vorbehaltlos zu akzeptieren. Die allgemeinen Gesch\u00e4ftsbedingungen regeln die vertraglichen Beziehungen zwischen HOUBLONDE SPRL und seinen Kunden, die beide Parteien vorbehaltlos akzeptieren. Diese allgemeinen Verkaufsbedingungen sind massgebend gegen\u00fcber allen anderen Bedingungen, die in jedem anderen Dokument enthalten sind, mit Ausnahme einer vorherigen, schriftlich vereinbarten Ausnahmeerkl\u00e4rung.<\/p>\n<h3>6. Bestellung<\/h3>\n<p>Die Bestellung von Produkten werden in erster Linie via mail via Sentier Muraes 10, 1440 Braine-le-Chateau &#8211; Belgium gemacht. Der Versand einer E-Mail gilt als Beweis f\u00fcr Art, Menge und Datum der Bestellung. HOUBLONDE SPRL wird an den Kunden die Annahme seiner Bestellung sowie eine Bestellnummer durch eine Best\u00e4tigungsnachricht an die vom Kunden angegeben E-Mail -Adresse versenden. Der Verkauf kommt nach Versand der Auftragsbest\u00e4tigung zustande. HOUBLONDE SPRL beh\u00e4lt sich das Recht vor, alle Bestellungen eines Kunden zu verweigern oder abzubrechen im Falle seiner Insolvenz, bei einem Zahlungsverzug des betreffenden Auftrags oder einer fr\u00fcheren Lieferung oder einer Streitigkeit bez\u00fcglich der Zahlung eines fr\u00fcheren Auftrags. Die vom Kunden bei der Bestellung angegebenen Informationen sind f\u00fcr ihn bindend. HOUBLONDE SPRL haftet nicht f\u00fcr falsche Angaben des Kunden bez\u00fcglich Empf\u00e4nger-Adresse (Lieferadresse, Rechnungsadresse) der Bestellung und entsprechende Lieferverz\u00f6gerungen oder Nichtlieferung, zu welchen diese falschen Angaben f\u00fchren k\u00f6nnen. Im Falle einer \u00c4nderung der Anschrift, wird der Kunde gebeten, den Kundenservice von HOUBLONDE SPRL via Sentier Muraes 10, 1440 Braine-le-Chateau &#8211; Belgium zu benachrichtigen. HOUBLONDE SPRL haftet nicht im Falle eines Computervirus, welcher \u00c4nderung der Preise von einem oder mehrerer Artikel bzw. des Auftrages ohne das Wissen von HOUBLONDE SPRL ver\u00e4ndert. HOUBLONDE SPRL beh\u00e4lt sich somit das Recht vor, eine Bestellung zu stornieren, wenn der Betrag f\u00fcr die Produkte und\/oder Versandkosten von den normalen Preisen abweicht.<\/p>\n<h3>7.\u00a0Bezahlung und Lieferung von Waren<\/h3>\n<p>Die vom Kunden gem\u00e4\u00df Ziffer 6 bestellten Waren werden nur nach vollst\u00e4ndiger und vorheriger Bezahlung und in jedem Fall vor Lieferung der Ware geliefert. Die Bestellung ist mit Zahlungseingang wirksam. Der Kunde kann seine Bestellung per Bank\u00fcberweisung bezahlen. F\u00fcr die SPRL Houblonde muss eine \u00dcberweisung erfolgen. Der Kunde hat daf\u00fcr Sorge zu tragen, dass alle Bankspesen von diesen \u00fcbernommen werden. Bitte verwenden Sie die folgenden Informationen, um eine BE- oder IBAN-\u00dcberweisung vorzunehmen: BE 02 3631 6829 5040 &#8211; BIC BBRUBEBB<\/p>\n<h3>8. Transaktionsnachweis<\/h3>\n<p>Die elektronischen Aufzeichnungen, gespeichert auf den Computersystemen der HOUBLONDE SPRL unter angemessenen Sicherheitsvorkehrungen, gelten als Kommunikations-Beweis f\u00fcr erfolgte Bestellungen und Zahlungen zwischen den Vertragsparteien. Die Archivierung der Bestellformulare und Rechnungen erfolgt auf einem zuverl\u00e4ssigen und dauerhaften Datentr\u00e4ger, der als Beweis reproduziert werden kann.<\/p>\n<h3>9. Transport und Haftung<\/h3>\n<p>Mit der Unterzeichnung des Lieferscheins akzeptiert der Kunde die Produkte im gelieferten Zustand und er hat in der Folge keinen Anspruch mehr auf Reklamation bez\u00fcglich Besch\u00e4digung w\u00e4hrend des Transports. Es liegt in der Verantwortung des Kunden, alle Kontrollen bei der Ankunft der Ware durchzuf\u00fchren und allf\u00e4llige Vorbehalte auf dem Lieferschein zu erkl\u00e4ren. Die Ware reist auf Rechnung und Gefahr des Bestellers. Es obliegt dem Kunden den Inhalt der Ware zum Zeitpunkt der Lieferung zu pr\u00fcfen und allf\u00e4llige Vorbehalte in folgender Weise zu erkl\u00e4ren: Ab dem Zeitpunkt des Empfangs der Ware verf\u00fcgen Sie \u00fcber einen Zeitraum von 48 Stunden, um HOUBLONDE SPRL allf\u00e4llige Vorbehalte bez\u00fcglich fehlender oder besch\u00e4digter Ware zu erkl\u00e4ren. Im Schadensfall ist der Kunde innerhalb einer Frist von 48 Stunden nach Erhalt der Ware verpflichtet, entsprechend aussagekr\u00e4ftige Fotos zu senden &#8211; entweder per Post an: Kunden-Service-HOUBLONDE, Sentier Muraes 10, 1440 Braine-le-Chateau &#8211; Belgium (das Datum des Poststempels gilt als Versandnachweis).<\/p>\n<h3>10. Bestellungs-Retouren<\/h3>\n<p>Gem\u00e4\u00df Art. 47 Abs. 1 des Gesetzes vom 6. April 2010 bez\u00fcglich Marktpraktiken und Schutz des Verbrauchers haben Sie die M\u00f6glichkeit, das Produkt innerhalb einer Frist von 14 Tagen ab Ablieferung, unbesch\u00e4digt und in der originalen Verpackung und der Originalrechnung auf eigene Kosten zur\u00fcckzusenden f\u00fcr Umtausch oder R\u00fcckerstattung des Produktwertes. Im Falle einer R\u00fccksendung muss der Kunde die gesamte Bestellung in gutem, ungebrauchtem (sprich auch nicht teilweise angebrochenen) Zustand zur\u00fccksenden. HOUBLONDE SPRL beh\u00e4lt sich das Recht vor, die Retour-Sendung zu verweigern oder nicht r\u00fcckzuerstatten, wenn die Verpackung ge\u00f6ffnet, Flaschen ge\u00f6ffnet oder wenn die Produkte besch\u00e4digt wurden, sei es durch den Kunden oder auf dem R\u00fcckversand. HOUBLONDE SPRL erstattet den Kunden den entsprechenden Betrag, sobald HOUBLONDE SPRL die Artikel unter den oben genannten Bedingungen erhalten hat. Die angefallenen Versandkosten f\u00fcr die R\u00fccksendung gehen zu Lasten des Kunden. Die R\u00fccksendung muss an der Tr\u00e4ger erfolgen.<\/p>\n<h3>11. Verlust oder Diebstahl von Paketen<\/h3>\n<p>Bei Verlust oder Diebstahl eines Pakets resp. einer Sendung aufgrund eines Problems mit dem zum Zeitpunkt der Bestellung durch den Kunden ausgew\u00e4hlten Transporteur ist es unerl\u00e4sslich, den Fall HOUBLONDE SPRL innerhalb einer angemessenen Frist zu melden. Um den Verlust oder Diebstahl eines Pakets resp. einer Sendung zu melden, muss der Kunde unbedingt eine Erkl\u00e4rung \u00fcber den Nicht-Erhalt des Pakets versenden &#8211; entweder an Sentier Muraes 10, 1440 Braine-le-Chateau &#8211; Belgium\u00a0(mit Anforderung einer Lesebest\u00e4tigung) oder per Post an: Kunden-Service-HOUBLONDE, Avenue Crocus 5, 1640 Rhode St Genesis \u2013 Belgien (das Datum des Poststempels gilt als Nachweis). Im Folgenden er\u00f6ffnet HOUBLONDE SPRL eine Untersuchung mit dem Transporteur. HOUBLONDE SPRL wird dem Kunden alle Informationen im Zusammenhang mit der Untersuchung zur Verf\u00fcgung stellen. Um den Verlust oder Diebstahl eines Pakets zu kl\u00e4ren, ist mit mindestens 3 Wochen und maximal 2 Monate zu rechnen. Wenn sich der Verlust nach den Ergebnissen der Untersuchung mit dem Transporteur als real erweist, wird HOUBLONDE SPRL eine zweite Zustellung oder Erstattung des Kaufpreises ausl\u00f6sen \u2013 dies unter der Bedingung eines Schadensersatz seitens des Transporteurs.<\/p>\n<h3>12. Vertraulichkeit von pers\u00f6nlichen Daten und Bankdaten<\/h3>\n<p>Recht auf Zugang und Berichtigung :<br \/>Um den Bed\u00fcrfnissen des Kunden zu entsprechen und optimalen Service zu gew\u00e4hrleisten, ist es f\u00fcr HOUBLONDE SPRL notwendig, einige Kunden-Informationen in seiner Datenbank zu speichern (Firmenname, USt-Nr, Firmen-Nr, gesch\u00e4ftliche Telefonnummer, Adresse, Name, Vorname,&#8230;). Mit der \u00dcbermittlung dieser Informationen durch den Kunden an HOUBLONDE SPRL \u00fcber die Website <a href=\"http:\/\/www.houblonde.com\">www.houblonde.com<\/a>, per E-Mailoder jede andere Form der Kommunikation, gibt der Kunde seine Zustimmung, dass HOUBLONDE SPRL dieseDaten in seiner Datenbank oder seinen Dateien speichern kann zum Zweck der gesch\u00e4ftlichenKommunikation zwischen HOUBLONDE SPRL und dem Kunden. Diese Daten werden f\u00fcr die Verwaltung des Kunden, Verwaltung von Bestellungen, Lieferungen, Rechnungen von materiellen und immateriellen Leistungen, Bonit\u00e4tspr\u00fcfungen, Werbung, individuelle Kundenbehandlung und Produktemarketing der HOUBLONDE SPRL verwendet. Der Kunde kann unter anderem durch HOUBLONDE SPRL informiert werden per Telefon, Post oder E-Mail. Wenn Sie als Kunde solche Informationen nicht w\u00fcnschen, schreiben Sie einfach eine E-Mail an den Kundendienst von HOUBLONDE SPRL an Sentier Muraes 10, 1440 Braine-le-Chateau &#8211; Belgium unter Angabe von Firmennamen, Name, Vorname und Adresse.<\/p>\n<p>Bankdaten des Kunden :Von Kunden f\u00fcr Eink\u00e4ufe zu Verf\u00fcgung gestellte Bankdaten werden weder gespeichert noch im Internet sichtbar gemacht.<\/p>\n<p>Kundendaten werden gem\u00e4\u00df den Bestimmungen der Richtlinie 2002\/58\/EG hinsichtlich des Umgangs mit personenbezogenen Daten behandelt. In der Praxis bedeutet dies:<\/p>\n<p>Die pers\u00f6nlichen Kundendaten werden gesammelt und verarbeitet in \u00dcbereinstimmung mit den Zielen, die in den vorliegenden Allgemeinen Gesch\u00e4ftsbedingungen beschrieben sind. Die Informationen \u00fcber seine Kunden werden von HOUBLONDE SPRL weder verkauft, noch kommerzialisiert, noch an Dritte vermietet.<\/p>\n<p>Der Kunde hat jederzeit das Recht auf Zugang und Einsicht in diese Daten und das Recht auf Widerspruch, um ihre Richtigkeit zu \u00fcberpr\u00fcfen und eventuelle Fehler zu korrigieren. Bitte senden hierf\u00fcr einfach eine Mail an Sentier Muraes 10, 1440 Braine-le-Chateau &#8211; Belgium\u00a0unter Angabe Ihrer Daten.<\/p>\n<p>Nutzung von Navigations-bezogenen Informationen zu statistischen Zwecken:<\/p>\n<p>Wenn Sie die Website Houblonde website aufrufen, erheben die besuchten Server automatisch folgende Daten:<\/p>\n<ul>\n<li>die Ihnen bei der Anmeldung zugewiesene IP-Adresse;<\/li>\n<li>das Datum und die Uhrzeit des Zugriffs auf die Webseite;<\/li>\n<li>die besuchten Seiten;<\/li>\n<li>die Art des verwendeten Browsers;<\/li>\n<li>die Plattform oder das auf dem PC installierte Betriebssystem;<\/li>\n<li>die verwendete Suchmaschine und Schl\u00fcsselw\u00f6rter, um die Webseite zu finden.<\/li>\n<\/ul>\n<p>Diese Informationen werden nur zu dem Zweck gespeichert, um die Anzahl der Besucher in verschiedenen Bereichen der Website zu messen und diese zu verbessern.<\/p>\n<p>Verwendung von Cookies: Zur Erleichterung Ihrer Navigation auf der Website sowie die Optimierung der technischen Verwaltung kann HOUBLONDE SPRL gelegentlich &#8222;Cookies&#8220; verwenden.<br \/>Ein &#8222;Cookie&#8220; ist eine kleine Informationseinheit, welche von einer Website im Internet-Browser auf Ihrem Computer gespeichert wird. Dieses &#8222;Cookie&#8220; kann bei einem sp\u00e4teren Besuch auf der Website abgerufen werden. Das &#8222;Cookie&#8220; kann nicht von einer anderen Website gelesen werden, sondern von jener, die es erstellt hat. Die Webseite verwendet &#8222;Cookies&#8220; zu administrativen Zwecken, zum Beispiel zum Speichern Ihrer Einstellungen f\u00fcr bestimmte Arten von Informationen, die Sie davon abhalten, die gleichen Eingaben auf der Tastatur bei jedem Besuch unserer Website zu wiederholen.<br \/>Die meisten &#8222;Cookies&#8220; funktionieren nur w\u00e4hrend Zeit einer Sitzung oder eines Besuchs der Webseite. Keines von ihnen enth\u00e4lt Informationen, die Sie m\u00f6glicherweise erreichbar machen per Telefon, E-Mail oder Post. Es ist Ihnen auch m\u00f6glich, Ihren Browser so einzustellen, dass Sie &#8222;Cookie&#8220; nicht zulassen.<\/p>\n<h3>13. Fakturierung<\/h3>\n<p>Eine Kopie der Rechnung an den Kunden kann jederzeit von unsere Finanzabteilung per Mail an Sentier Muraes 10, 1440 Braine-le-Chateau &#8211; Belgium\u00a0angefordert werden.<\/p>\n<h3>14. Haftung und anwendbares Recht<\/h3>\n<p>HOUBLONDE SPRL erinnert daran, dass der Missbrauch von Alkohol gef\u00e4hrlich f\u00fcr die Gesundheit ist und haftet nicht f\u00fcr die Folgen seines Konsums.<br \/>HOUBLONDE SPRL haftet nicht f\u00fcr Unannehmlichkeiten oder Sch\u00e4den, die die Nutzung des Internets mit sich bringen kann, einschlie\u00dflich Unterbruch der Verbindung, eines externen Eingriffs oder das Vorhandensein von Computer-Viren oder jede Art von h\u00f6herer Gewalt, im Einklang mit der vorhandenen Rechtsprechung. Die angebotenen Produkte sind in \u00dcbereinstimmung mit den geltenden Gesetzen und Normen in Belgien. Fotografien, Filme, Videos, Texte, Grafiken, Informationen und Beschreibungen reproduzieren und illustrieren die vorgestellten Produkte und sind nicht bindend. Daher haftet HOUBLONDE SPRL nicht bei Fehlern oder Auslassungen in Fotografien, Filme, Videos, Texte, Grafiken, Informationen und Beschreibungen der Produkte (Rezept, Zusammensetzung, Geschmack, Aromen, Farben o.\u00e4.) oder im Falle der \u00c4nderung der Eigenschaften der Produkte. HOUBLONDE SPRL haftet nicht f\u00fcr die Vertragsverletzung bei Nichtverf\u00fcgbarkeit des Produkts infolge: h\u00f6herer Gewalt, St\u00f6rung der gesamten oder Teilen der Postdienste und Streik im Transport- und\/oder Kommunikation-Wesen, Naturgewalten (wie Feuer, Wind, \u00dcberschwemmungen etc.). HOUBLONDE SPRL haftet ebenso nicht f\u00fcr Sch\u00e4den, die indirekt durch den Kauf von Produkten von HOUBLONDE SPRL entstehen k\u00f6nnen wie Gegenwart, Verlust der Nutzung, entgangenen Gewinn, Verlust von Chance, Sch\u00e4den oder Kosten.<\/p>\n<p>Die vorliegenden Allgemeinen Gesch\u00e4ftsbedingungen unterliegen belgischem Recht. Dies gilt ebenfalls f\u00fcr die Grundnormen und f\u00fcr die Formalregeln. Im Falle von Streitigkeiten oder Anspr\u00fcchen wird der Verbraucher gebeten, sich zuerst an das Unternehmen HOUBLONDE SPRL zu wenden, um eine g\u00fctliche L\u00f6sung zu finden. Wenn die Gespr\u00e4che scheitern, gelten die folgenden Bestimmungen:<\/p>\n<ul>\n<li>Vertragsschluss durch einen belgischen Kunden in Belgien: dieser Vertrag unterliegt belgischem Recht. Streitigkeiten, die bei der Durchf\u00fchrung oder die Auslegung dieses Vertrages aufgetreten sind, werden vor dem Gericht am Wohnsitz des Beklagten oder am Ort der Lieferung verhandelt.<\/li>\n<li>Vertragsschluss durch einen Kunden aus einem anderen Land der Europ\u00e4ischen Union: Streitigkeiten, die bei der Durchf\u00fchrung oder die Auslegung dieses Vertrages aufgetreten sind, werden vor den zust\u00e4ndigen Gerichten durch die Richtlinien und Verordnungen der Europ\u00e4ischen Union (einschlie\u00dflich der Konvention von Br\u00fcssel, 27. September 1968) verhandelt.<\/li>\n<\/ul>\n<h3>15. Schutz von Minderj\u00e4hrigen<\/h3>\n<p>Gem\u00e4\u00df der Vereinbarung vom 12. Mai 2005 bez\u00fcglich Verhalten und Werbung f\u00fcr alkoholhaltige Getr\u00e4nke, das die Verbreitung von Alkohol an Minderj\u00e4hrige unter 18 Jahre verbietet, best\u00e4tigt der Kunde durch Anklicken des entsprechende Felds auf der ersten Seite von www.HOUBLONDE.comdas gesetzliche Mindestalter zum Zeitpunkt der Bestellung zu haben. HOUBLONDE SPRL erinnert daran, dass der Missbrauch von Alkohol gef\u00e4hrlich f\u00fcr die Gesundheit ist und empfiehlt, seine Produkt in ma\u00dfvoll zu konsumieren.<\/p>\n<h3>16. Verfolgen von Bestellungen<\/h3>\n<p>Nach Bestellung stellt unser Kundenservice dem Kunden einen Tracking Code zu Verf\u00fcgung, um alle Informationen \u00fcber den Status Ihrer Bestellung verfolgen zu k\u00f6nnen.<\/p>\n<h3>17. Urheberrechte<\/h3>\n<p>Alle Elemente der Website www.HOUBLONDE.com, wie Texte, Kommentare, Werke, Illustrationen, Zeichnungen, Bilder, Filme und Kl\u00e4nge, Corporate Identity, EDV-Anwendungen sind \u2013 mit Ausnahme von \u00f6ffentlichen Dokumenten und Zusatzinformationen \u2013 das exklusive Eigentum von der HOUBLONDE SPRL. Sie sind als solche urheberrechtlich gesch\u00fctzt.<br \/>Die Darstellung, Vervielf\u00e4ltigung, \u00dcbertragung und Weitersendung, in Teilen oder aller Elemente der Website www.HOUBLONDE .com \u2013 mit Ausnahme f\u00fcr private, nichtkommerzielle oder p\u00e4dagogisch Zwecke \u2013 ist streng verboten, ausser mit vorheriger ausdr\u00fccklicher schriftlicher Zustimmung von HOUBLONDE SPRL. Diese Einwilligung kann jederzeit widerrufen werden. Wer auf seiner Website einen einfachen Link oder ein Hypertext-Link mit direktem Verweis auf die Homepage www.HOUBLONDE.com platzieren m\u00f6chte, kann dies nur mit vorheriger ausdr\u00fccklicher schriftlicher Genehmigung von HOUBLONDE SPRL tun. Diese Einwilligung kann jederzeit widerrufen werden.<\/p>\n\n\t\t<\/div>\n\t\t\t\t\n<style>\n#col-952629871 > .col-inner {\n  max-width: 95%;\n}\n<\/style>\n\t<\/div>\n\n\t\n\n<\/div>\n\n\t\t<\/div>\n\t\t\t\t\n<style>\n#col-303520368 > .col-inner {\n  max-width: 85%;\n}\n<\/style>\n\t<\/div>\n\n\t\n\n<\/div>\n\n\t\t<\/div>\n\n\t\t\n<style>\n#section_1542277162 {\n  padding-top: 30px;\n  padding-bottom: 30px;\n  min-height: 100vh;\n}\n#section_1542277162 .section-bg.bg-loaded {\n  background-image: url(https:\/\/www.houblonde.com\/wp-content\/uploads\/home-background-alt3.jpg);\n}\n#section_1542277162 .ux-shape-divider--top svg {\n  height: 150px;\n  --divider-top-width: 100%;\n}\n#section_1542277162 .ux-shape-divider--bottom svg {\n  height: 150px;\n  --divider-width: 100%;\n}\n<\/style>\n\t<\/section>\n\t\n\n","protected":false},"excerpt":{"rendered":"","protected":false},"author":1,"featured_media":0,"parent":0,"menu_order":99,"comment_status":"closed","ping_status":"closed","template":"page-transparent-header-light.php","meta":{"inline_featured_image":false},"_links":{"self":[{"href":"https:\/\/www.houblonde.com\/de\/wp-json\/wp\/v2\/pages\/1339"}],"collection":[{"href":"https:\/\/www.houblonde.com\/de\/wp-json\/wp\/v2\/pages"}],"about":[{"href":"https:\/\/www.houblonde.com\/de\/wp-json\/wp\/v2\/types\/page"}],"author":[{"embeddable":true,"href":"https:\/\/www.houblonde.com\/de\/wp-json\/wp\/v2\/users\/1"}],"replies":[{"embeddable":true,"href":"https:\/\/www.houblonde.com\/de\/wp-json\/wp\/v2\/comments?post=1339"}],"version-history":[{"count":9,"href":"https:\/\/www.houblonde.com\/de\/wp-json\/wp\/v2\/pages\/1339\/revisions"}],"predecessor-version":[{"id":4174,"href":"https:\/\/www.houblonde.com\/de\/wp-json\/wp\/v2\/pages\/1339\/revisions\/4174"}],"wp:attachment":[{"href":"https:\/\/www.houblonde.com\/de\/wp-json\/wp\/v2\/media?parent=1339"}],"curies":[{"name":"wp","href":"https:\/\/api.w.org\/{rel}","templated":true}]}}