{"id":3279,"date":"2022-07-08T09:27:35","date_gmt":"2022-07-08T08:27:35","guid":{"rendered":"https:\/\/www.houblonde.com\/?page_id=3279"},"modified":"2024-02-22T10:35:21","modified_gmt":"2024-02-22T09:35:21","slug":"bestellen-2","status":"publish","type":"page","link":"https:\/\/www.houblonde.com\/de\/bestellen-2\/","title":{"rendered":"Bestellen"},"content":{"rendered":"\n\t<section class=\"section is-full-height\" id=\"section_645960849\">\n\t\t<div class=\"bg section-bg fill bg-fill  \" >\n\n\t\t\t\n\t\t\t\n\t\t\t\n\n\t\t<\/div>\n\n\t\t\n\n\t\t<div class=\"section-content relative\">\n\t\t\t\n\n<div class=\"row align-middle align-center main-row\"  id=\"row-1174373031\">\n\n\n\t<div id=\"col-727254831\" class=\"col houblonde-image medium-2 small-12 large-2\"  >\n\t\t\t\t<div class=\"col-inner text-center\"  >\n\t\t\t\n\t\t\t\n\n\t<div class=\"img has-hover x md-x lg-x y md-y lg-y\" id=\"image_717333181\">\n\t\t<a class=\"\" href=\"\/wp-content\/uploads\/Houblonde-Sales-sheet-DE.pdf\" target=\"_blank\" rel=\"noopener noreferrer\" >\t\t\t\t\t\t<div class=\"img-inner dark\" >\n\t\t\t\t\t\t\t\t\t\n\t\t\t\t\t<\/div>\n\t\t\t\t\t\t<\/a>\t\t\n<style>\n#image_717333181 {\n  width: 100%;\n}\n<\/style>\n\t<\/div>\n\t\n\n<a rel=\"noopener noreferrer\" href=\"\/wp-content\/uploads\/Houblonde-Sales-sheet-DE.pdf\" target=\"_blank\" class=\"button white is-link is-small button-argu\"  style=\"border-radius:3px;\">\n  <i class=\"icon-search\" aria-hidden=\"true\" ><\/i>  <span>Weitere informationen<\/span>\n  <\/a>\n\n\n\n\t\t<\/div>\n\t\t\t\t\n<style>\n#col-727254831 > .col-inner {\n  padding: 50px 0px 0px 0px;\n}\n<\/style>\n\t<\/div>\n\n\t\n\n\t<div id=\"col-195741233\" class=\"col main-column medium-10 small-12 large-10\"  >\n\t\t\t\t<div class=\"col-inner text-left dark\" style=\"background-color:rgba(0, 0, 0, 0.8);\" >\n\t\t\t\n\t\t\t\n\n<div class=\"row row-collapse align-equal content-row\"  id=\"row-301754705\">\n\n\n\t<div id=\"col-339794558\" class=\"col image-column order medium-3 small-12 large-3\"  >\n\t\t\t\t<div class=\"col-inner\"  >\n\t\t\t\n\t\t\t\n\n\n\t\t<\/div>\n\t\t\t\t\t<\/div>\n\n\t\n\n\t<div id=\"col-239435404\" class=\"col content-column medium-9 small-12 large-9\"  >\n\t\t\t\t<div class=\"col-inner\"  >\n\t\t\t\n\t\t\t\n\n<h1><img class=\"content-picto alignnone wp-image-466\" src=\"https:\/\/www.houblonde.com\/wp-content\/uploads\/picto_cart.svg\" alt=\"\" width=\"60\">&nbsp;Bestellen Houblonde<\/h1>\n<p><span style=\"font-size: 100%;\">Sie sind \u00fcberzeugt von den Qualit\u00e4ten von HOUBLONDE? Sind Sie Gro\u00dfh\u00e4ndler, Einzelh\u00e4ndler, ein Hotel, Restaurant oder ein exklusives Caf\u00e9 &#8230; und Sie w\u00fcnschen dieses innovative Bier-Konzept in das Produkteportfolio Ihres Unternehmens aufzunehmen? F\u00fcllen Sie das untenstehende Formular aus, und das HOUBLONDE-Team wird Sie kontaktieren.<\/span><\/p>\n<div class=\"wpforms-container wpforms-container-full\" id=\"wpforms-3297\"><form id=\"wpforms-form-3297\" class=\"wpforms-validate wpforms-form wpforms-ajax-form\" data-formid=\"3297\" method=\"post\" enctype=\"multipart\/form-data\" action=\"\/de\/wp-json\/wp\/v2\/pages\/3279\" data-token=\"e94377bc885c5dbebf864831d3779c0a\"><noscript class=\"wpforms-error-noscript\">Bitte aktiviere JavaScript in deinem Browser, um dieses Formular fertigzustellen.<\/noscript><div class=\"wpforms-field-container\"><div id=\"wpforms-3297-field_4-container\" class=\"wpforms-field wpforms-field-text wpforms-one-half wpforms-first\" data-field-id=\"4\"><label class=\"wpforms-field-label wpforms-label-hide\" for=\"wpforms-3297-field_4\">Vorname <span class=\"wpforms-required-label\">*<\/span><\/label><input type=\"text\" id=\"wpforms-3297-field_4\" class=\"wpforms-field-large wpforms-field-required\" name=\"wpforms[fields][4]\" placeholder=\"Vorname\" required><\/div><div id=\"wpforms-3297-field_5-container\" class=\"wpforms-field wpforms-field-text wpforms-one-half\" data-field-id=\"5\"><label class=\"wpforms-field-label wpforms-label-hide\" for=\"wpforms-3297-field_5\">Name <span class=\"wpforms-required-label\">*<\/span><\/label><input type=\"text\" id=\"wpforms-3297-field_5\" class=\"wpforms-field-large wpforms-field-required\" name=\"wpforms[fields][5]\" placeholder=\"Name\" required><\/div><div id=\"wpforms-3297-field_6-container\" class=\"wpforms-field wpforms-field-email wpforms-one-half wpforms-first\" data-field-id=\"6\"><label class=\"wpforms-field-label wpforms-label-hide\" for=\"wpforms-3297-field_6\">E-Mail-Adresse <span class=\"wpforms-required-label\">*<\/span><\/label><input type=\"email\" id=\"wpforms-3297-field_6\" class=\"wpforms-field-large wpforms-field-required\" name=\"wpforms[fields][6]\" placeholder=\"E-Mail-Adresse\" spellcheck=\"false\" required><\/div><div id=\"wpforms-3297-field_7-container\" class=\"wpforms-field wpforms-field-phone wpforms-one-half\" data-field-id=\"7\"><label class=\"wpforms-field-label wpforms-label-hide\" for=\"wpforms-3297-field_7\">Telefoon-Nr. <span class=\"wpforms-required-label\">*<\/span><\/label><input type=\"tel\" id=\"wpforms-3297-field_7\" class=\"wpforms-field-large wpforms-field-required wpforms-smart-phone-field\" data-rule-smart-phone-field=\"true\" name=\"wpforms[fields][7]\" placeholder=\"Telefoon-Nr.\" required><\/div><div id=\"wpforms-3297-field_8-container\" class=\"wpforms-field wpforms-field-text wpforms-one-half wpforms-first\" data-field-id=\"8\"><label class=\"wpforms-field-label wpforms-label-hide\" for=\"wpforms-3297-field_8\">Unternehmen<\/label><input type=\"text\" id=\"wpforms-3297-field_8\" class=\"wpforms-field-large\" name=\"wpforms[fields][8]\" placeholder=\"Unternehmen\" ><\/div><div id=\"wpforms-3297-field_9-container\" class=\"wpforms-field wpforms-field-select wpforms-one-half wpforms-field-select-style-modern\" data-field-id=\"9\"><label class=\"wpforms-field-label wpforms-label-hide\" for=\"wpforms-3297-field_9\">Art <span class=\"wpforms-required-label\">*<\/span><\/label><select id=\"wpforms-3297-field_9\" class=\"wpforms-field-large wpforms-field-required choicesjs-select\" data-size-class=\"wpforms-field-row wpforms-field-large\" data-search-enabled=\"\" name=\"wpforms[fields][9]\" required=\"required\"><option value=\"\" class=\"placeholder\" disabled  selected='selected'>Art<\/option><option value=\"Grossh\u00e4ndler\" >Grossh\u00e4ndler<\/option><option value=\"Einzelhandel\" >Einzelhandel<\/option><option value=\"Restaurant \/ Caf\u00e9 \/ H\u00f4tel\" >Restaurant \/ Caf\u00e9 \/ H\u00f4tel<\/option><\/select><\/div><div id=\"wpforms-3297-field_10-container\" class=\"wpforms-field wpforms-field-text\" data-field-id=\"10\"><label class=\"wpforms-field-label wpforms-label-hide\" for=\"wpforms-3297-field_10\">Adres <span class=\"wpforms-required-label\">*<\/span><\/label><input type=\"text\" id=\"wpforms-3297-field_10\" class=\"wpforms-field-large wpforms-field-required\" name=\"wpforms[fields][10]\" placeholder=\"Adres\" required><\/div><div id=\"wpforms-3297-field_11-container\" class=\"wpforms-field wpforms-field-text wpforms-one-half wpforms-first\" data-field-id=\"11\"><label class=\"wpforms-field-label wpforms-label-hide\" for=\"wpforms-3297-field_11\">PLZ <span class=\"wpforms-required-label\">*<\/span><\/label><input type=\"text\" id=\"wpforms-3297-field_11\" class=\"wpforms-field-large wpforms-field-required\" name=\"wpforms[fields][11]\" placeholder=\"PLZ\" required><\/div><div id=\"wpforms-3297-field_12-container\" class=\"wpforms-field wpforms-field-text wpforms-one-half\" data-field-id=\"12\"><label class=\"wpforms-field-label wpforms-label-hide\" for=\"wpforms-3297-field_12\">Ort<\/label><input type=\"text\" id=\"wpforms-3297-field_12\" class=\"wpforms-field-large\" name=\"wpforms[fields][12]\" placeholder=\"Ort\" ><\/div><div id=\"wpforms-3297-field_13-container\" class=\"wpforms-field wpforms-field-textarea\" data-field-id=\"13\"><label class=\"wpforms-field-label wpforms-label-hide\" for=\"wpforms-3297-field_13\">Commentaar\/vragen <span class=\"wpforms-required-label\">*<\/span><\/label><textarea id=\"wpforms-3297-field_13\" class=\"wpforms-field-large wpforms-field-required\" name=\"wpforms[fields][13]\" placeholder=\"Commentaar\/vragen\" required><\/textarea><\/div><\/div><!-- .wpforms-field-container --><div class=\"wpforms-submit-container\" ><input type=\"hidden\" name=\"wpforms[id]\" value=\"3297\"><input type=\"hidden\" name=\"wpforms[author]\" value=\"3\"><button type=\"submit\" name=\"wpforms[submit]\" id=\"wpforms-submit-3297\" class=\"wpforms-submit\" aria-live=\"assertive\" value=\"wpforms-submit\">Senden<\/button><img src=\"https:\/\/www.houblonde.com\/wp-content\/plugins\/wpforms\/assets\/images\/submit-spin.svg\" class=\"wpforms-submit-spinner\" style=\"display: none;\" width=\"26\" height=\"26\" alt=\"Wird geladen\"><\/div><\/form><\/div>  <!-- .wpforms-container -->\n\n\t\t<\/div>\n\t\t\t\t\n<style>\n#col-239435404 > .col-inner {\n  max-width: 95%;\n}\n<\/style>\n\t<\/div>\n\n\t\n\n<\/div>\n\n\t\t<\/div>\n\t\t\t\t\n<style>\n#col-195741233 > .col-inner {\n  max-width: 85%;\n}\n<\/style>\n\t<\/div>\n\n\t\n\n<\/div>\n\n\t\t<\/div>\n\n\t\t\n<style>\n#section_645960849 {\n  padding-top: 30px;\n  padding-bottom: 30px;\n  min-height: 100vh;\n}\n#section_645960849 .section-bg.bg-loaded {\n  background-image: url(https:\/\/www.houblonde.com\/wp-content\/uploads\/home-background-alt3.jpg);\n}\n#section_645960849 .ux-shape-divider--top svg {\n  height: 150px;\n  --divider-top-width: 100%;\n}\n#section_645960849 .ux-shape-divider--bottom svg {\n  height: 150px;\n  --divider-width: 100%;\n}\n<\/style>\n\t<\/section>\n\t\n\n","protected":false},"excerpt":{"rendered":"","protected":false},"author":3,"featured_media":0,"parent":0,"menu_order":8,"comment_status":"closed","ping_status":"closed","template":"page-transparent-header-light.php","meta":{"inline_featured_image":false},"_links":{"self":[{"href":"https:\/\/www.houblonde.com\/de\/wp-json\/wp\/v2\/pages\/3279"}],"collection":[{"href":"https:\/\/www.houblonde.com\/de\/wp-json\/wp\/v2\/pages"}],"about":[{"href":"https:\/\/www.houblonde.com\/de\/wp-json\/wp\/v2\/types\/page"}],"author":[{"embeddable":true,"href":"https:\/\/www.houblonde.com\/de\/wp-json\/wp\/v2\/users\/3"}],"replies":[{"embeddable":true,"href":"https:\/\/www.houblonde.com\/de\/wp-json\/wp\/v2\/comments?post=3279"}],"version-history":[{"count":2,"href":"https:\/\/www.houblonde.com\/de\/wp-json\/wp\/v2\/pages\/3279\/revisions"}],"predecessor-version":[{"id":4171,"href":"https:\/\/www.houblonde.com\/de\/wp-json\/wp\/v2\/pages\/3279\/revisions\/4171"}],"wp:attachment":[{"href":"https:\/\/www.houblonde.com\/de\/wp-json\/wp\/v2\/media?parent=3279"}],"curies":[{"name":"wp","href":"https:\/\/api.w.org\/{rel}","templated":true}]}}