{"id":1896,"date":"2018-05-30T14:38:55","date_gmt":"2018-05-30T13:38:55","guid":{"rendered":"https:\/\/www.houblonde.com\/?page_id=1896"},"modified":"2024-02-22T10:05:21","modified_gmt":"2024-02-22T09:05:21","slug":"beloningen","status":"publish","type":"page","link":"https:\/\/www.houblonde.com\/nl\/beloningen\/","title":{"rendered":"Beloningen"},"content":{"rendered":"\n\t<section class=\"section is-full-height\" id=\"section_1464392790\">\n\t\t<div class=\"bg section-bg fill bg-fill  \" >\n\n\t\t\t\n\t\t\t\n\t\t\t\n\n\t\t<\/div>\n\n\t\t\n\n\t\t<div class=\"section-content relative\">\n\t\t\t\n\n<div class=\"row align-middle align-center main-row\"  id=\"row-666805762\">\n\n\n\t<div id=\"col-542207864\" class=\"col houblonde-image medium-2 small-12 large-2\"  >\n\t\t\t\t<div class=\"col-inner text-center\"  >\n\t\t\t\n\t\t\t\n\n\t<div class=\"img has-hover x md-x lg-x y md-y lg-y\" id=\"image_60538868\">\n\t\t<a class=\"\" href=\"\/wp-content\/uploads\/Houblonde-Sales-sheet-NL.pdf\" target=\"_blank\" rel=\"noopener noreferrer\" >\t\t\t\t\t\t<div class=\"img-inner dark\" >\n\t\t\t<img width=\"381\" height=\"448\" src=\"https:\/\/www.houblonde.com\/wp-content\/uploads\/houblonde-detoure-alt.png\" class=\"attachment-large size-large\" alt=\"\" loading=\"lazy\" srcset=\"https:\/\/www.houblonde.com\/wp-content\/uploads\/houblonde-detoure-alt.png 381w, https:\/\/www.houblonde.com\/wp-content\/uploads\/houblonde-detoure-alt-255x300.png 255w\" sizes=\"(max-width: 381px) 100vw, 381px\" \/>\t\t\t\t\t\t\n\t\t\t\t\t<\/div>\n\t\t\t\t\t\t<\/a>\t\t\n<style>\n#image_60538868 {\n  width: 100%;\n}\n<\/style>\n\t<\/div>\n\t\n\n<a rel=\"noopener noreferrer\" href=\"\/wp-content\/uploads\/Houblonde-Sales-sheet-NL.pdf\" target=\"_blank\" class=\"button white is-link is-small button-argu\"  style=\"border-radius:3px;\">\n  <i class=\"icon-search\" aria-hidden=\"true\" ><\/i>  <span>Meer weten<\/span>\n  <\/a>\n\n\n\n\t\t<\/div>\n\t\t\t\t\n<style>\n#col-542207864 > .col-inner {\n  padding: 50px 0px 0px 0px;\n}\n<\/style>\n\t<\/div>\n\n\t\n\n\t<div id=\"col-1431205634\" class=\"col main-column medium-10 small-12 large-10\"  >\n\t\t\t\t<div class=\"col-inner text-left dark\" style=\"background-color:rgba(67, 98, 112, 0.97);\" >\n\t\t\t\n\t\t\t\n\n<div class=\"row row-collapse align-equal content-row\"  id=\"row-1650724616\">\n\n\n\t<div id=\"col-292658385\" class=\"col image-column awards medium-3 small-12 large-3\"  >\n\t\t\t\t<div class=\"col-inner text-center\"  >\n\t\t\t\n\t\t\t\n\n\n\t\t<\/div>\n\t\t\t\t\t<\/div>\n\n\t\n\n\t<div id=\"col-499986741\" class=\"col video-column small-12 large-12\"  >\n\t\t\t\t<div class=\"col-inner\"  >\n\t\t\t\n\t\t\t\n\n\n\t\t<\/div>\n\t\t\t\t\t<\/div>\n\n\t\n\n\t<div id=\"col-350613671\" class=\"col content-column medium-9 small-12 large-9\"  >\n\t\t\t\t<div class=\"col-inner\"  >\n\t\t\t\n\t\t\t\n\n<h1><img class=\"content-picto alignnone wp-image-465\" src=\"https:\/\/www.houblonde.com\/wp-content\/uploads\/picto_people.svg\" alt=\"\" width=\"60\" \/>\u00a0Awards<\/h1>\n<h3><img loading=\"lazy\" class=\"alignleft wp-image-1900\" src=\"https:\/\/www.houblonde.com\/wp-content\/uploads\/WBA17.png\" alt=\"\" width=\"125\" height=\"157\" \/><strong>World Beer Awards 2017 in Londen &#8211; Belgium Winner<\/strong><\/h3>\n<p>Houblonde is een uitzonderlijk <strong>premium bier<\/strong>. Nog v\u00f3\u00f3r zijn offici\u00eble lancering werd het op de <strong>World Beer Awards van 2017 in Londen<\/strong> onderscheiden als het meest innovatieve bier van Belgi\u00eb in de categorie \u201cspecialty beer\u201d!<\/p>\n<p>\u00a0<\/p>\n<h3><img loading=\"lazy\" class=\"wp-image-2342 alignleft\" src=\"https:\/\/www.houblonde.com\/wp-content\/uploads\/Logo-3-awards-300x171.png\" alt=\"\" width=\"205\" height=\"117\" srcset=\"https:\/\/www.houblonde.com\/wp-content\/uploads\/Logo-3-awards-300x171.png 300w, https:\/\/www.houblonde.com\/wp-content\/uploads\/Logo-3-awards.png 501w\" sizes=\"(max-width: 205px) 100vw, 205px\" \/><strong>International Taste\u00a0 Institute (iTi) &#8211; Superior taste Award (3 gouden sterren) &#8211; 2018 &amp; 2019 &amp; 2020<\/strong><\/h3>\n<p>Erkend als innovatief bier is \u00e9\u00e9n zaak, maar we wensten ook de voortreffelijkheid van haar smaak bevestigen door ze in te schrijven bij de <strong>\u201cSuperior taste Award\u201d<\/strong> van het <em>International Taste Institute (iTi)<\/em>.<\/p>\n<p>De <strong>&#8220;Superior Taste Award&#8221;<\/strong> is een unieke internationale erkenning, gebaseerd op blinde proeverij gerealiseerd door 200 Europese sterrenchefs en sommeliers die een wereldwijde referentie zijn inzake smaak. De producten beoordeeld als <strong>&#8220;goed smakende&#8221;<\/strong> krijgen \u00e9\u00e9n ster, de <strong>&#8220;opmerkelijke smaak&#8221;<\/strong> ontvangen twee sterren en de <strong>&#8220;uitzonderlijke smaken&#8221;<\/strong> worden bekroond met <strong>drie gouden sterren.<\/strong><br \/>De Houblonde Organic Blonde behaalde <strong>3 gouden sterren in de &#8220;Superior Taste Award&#8221; <\/strong>in 2018 &#8211; 2019 &#8211; 2020, de hoogste onderscheiding ! *.<\/p>\n<div><img loading=\"lazy\" class=\"wp-image-2343 alignleft\" src=\"https:\/\/www.houblonde.com\/wp-content\/uploads\/crystal-148x300.png\" alt=\"\" width=\"104\" height=\"211\" srcset=\"https:\/\/www.houblonde.com\/wp-content\/uploads\/crystal-148x300.png 148w, https:\/\/www.houblonde.com\/wp-content\/uploads\/crystal-505x1024.png 505w, https:\/\/www.houblonde.com\/wp-content\/uploads\/crystal-768x1558.png 768w, https:\/\/www.houblonde.com\/wp-content\/uploads\/crystal-757x1536.png 757w, https:\/\/www.houblonde.com\/wp-content\/uploads\/crystal.png 827w\" sizes=\"(max-width: 104px) 100vw, 104px\" \/>Door het behalen van 3 gouden sterren gedurende 3 opeenvolgende jaren, werd de Houblonde Organic Blonde bekroond met de prestigieuse <strong>Crystal Taste Award 2020.\u00a0<\/strong><\/div>\n<p><strong>Houblonde is <em>al<\/em> de kracht van de natuur in dienst van de smaak.<\/strong><\/p>\n<p><span style=\"font-size: 75%;\">* Toegekend door het beroep van sterrenchefs en sommeliers van Europa, de &#8220;Superior Taste Award&#8221; is een unieke internationale erkenning, <strong>na blinde proeverij door 200 Europese sterrenchefs en sommeliers<\/strong> die <strong>de intensiteit van hun smaakplezier classificeren<\/strong>, rekening houdend met de algemene smaakkwaliteiten van het product, zijn aroma, textuur, smaak, mondgevoel en andere relevante organoleptische criteria. ITi&#8217;s evaluatieprocedures staan \u200b\u200bonder<strong> toezicht van het Belgische Ministerie van Economische Zaken<\/strong>.<\/span><\/p>\n<p>\u00a0<\/p>\n<h3><strong>International Taste Award Italy 2020<\/strong><\/h3>\n<p>Deze internationale wedstrijd staat open voor elk gastronomisch product en kwaliteitsdrankje. Het was daarom voor ons vanzelfsprekend om onze 2 referenties naar deze wedstrijd in te voeren om met een jury van professionals de smaakwaardering van onze 2 bieren te bevestigen.<\/p>\n<p>Dit zijn de beste Italiaanse proevers, professionals in de drank- en cateringsector die blindelings onze 2 referenties hebben beoordeeld en we zijn erg trots en vereerd door de cijfers die ze ons hebben gegeven:<\/p>\n<p><img loading=\"lazy\" class=\"wp-image-2345 alignleft\" src=\"https:\/\/www.houblonde.com\/wp-content\/uploads\/Gold-transparent-300x300.png\" alt=\"\" width=\"84\" height=\"84\" srcset=\"https:\/\/www.houblonde.com\/wp-content\/uploads\/Gold-transparent-300x300.png 300w, https:\/\/www.houblonde.com\/wp-content\/uploads\/Gold-transparent-150x150.png 150w, https:\/\/www.houblonde.com\/wp-content\/uploads\/Gold-transparent.png 406w\" sizes=\"(max-width: 84px) 100vw, 84px\" \/><\/p>\n<p>De Houblonde Organic Triple heeft een Golden Award, de hoogste onderscheiding, de Jury Award en de TOP 50 Award gewonnen.<\/p>\n<p style=\"padding-left: 120px;\">En de Houblonde Organic Blond heeft een Silver Award gewonnen.<\/p>\n<p><img loading=\"lazy\" class=\"wp-image-2340 alignnone\" src=\"https:\/\/www.houblonde.com\/wp-content\/uploads\/Silver-transparent-300x300.png\" alt=\"\" width=\"86\" height=\"86\" srcset=\"https:\/\/www.houblonde.com\/wp-content\/uploads\/Silver-transparent-300x300.png 300w, https:\/\/www.houblonde.com\/wp-content\/uploads\/Silver-transparent-150x150.png 150w, https:\/\/www.houblonde.com\/wp-content\/uploads\/Silver-transparent.png 406w\" sizes=\"(max-width: 86px) 100vw, 86px\" \/><\/p>\n<h3><strong>Brussels Beer Challenge 2021 &#8211; Brussel<\/strong><\/h3>\n<div>\u00a0<\/div>\n<div><img loading=\"lazy\" class=\"wp-image-2750 alignright\" src=\"https:\/\/www.houblonde.com\/wp-content\/uploads\/bbc2021-bronze-medal-275x300.png\" alt=\"\" width=\"127\" height=\"139\" srcset=\"https:\/\/www.houblonde.com\/wp-content\/uploads\/bbc2021-bronze-medal-275x300.png 275w, https:\/\/www.houblonde.com\/wp-content\/uploads\/bbc2021-bronze-medal.png 412w\" sizes=\"(max-width: 127px) 100vw, 127px\" \/><\/div>\n<div>Het is een internationale wedstrijd van meer dan 1.800 bieren van over de hele wereld die gedurende drie dagen worden geproefd door een panel van 100\u00a0internationaal gerenommeerde bierexperts.<\/div>\n<div>\u00a0<\/div>\n<div><strong>Houblonde Organic White IPA<\/strong> won de bronzen medaille van de wedstrijd<\/div>\n<p>\u00a0<\/p>\n<p><span style=\"font-size: 130%;\"><strong>Asia Beer Challenge 2021 &#8211; Hong Kong<\/strong><\/span><\/p>\n<p>De Asia Beer Challenge is de grootste en meest prestigieuze bierco<img loading=\"lazy\" class=\"wp-image-2749 alignright\" style=\"color: #555555;\" src=\"https:\/\/www.houblonde.com\/wp-content\/uploads\/Logo-GOLD-medal-Asia-Beer-Challenge-1-300x300.png\" alt=\"\" width=\"128\" height=\"128\" srcset=\"https:\/\/www.houblonde.com\/wp-content\/uploads\/Logo-GOLD-medal-Asia-Beer-Challenge-1-300x300.png 300w, https:\/\/www.houblonde.com\/wp-content\/uploads\/Logo-GOLD-medal-Asia-Beer-Challenge-1-150x150.png 150w, https:\/\/www.houblonde.com\/wp-content\/uploads\/Logo-GOLD-medal-Asia-Beer-Challenge-1.png 512w\" sizes=\"(max-width: 128px) 100vw, 128px\" \/>mpetitie in Azi\u00eb. Gejureerd door de beste bierkopers van Azi\u00eb. <br \/>De Asia Beer Challenge wordt georganiseerd door de grootste organisatie van drankenprijzen ter wereld, waartoe ook de CWSA, Women&#8217;s Wine &amp; Spirits\u00a0Awards en de European Beer Challenge behoren. <br \/><strong>Houblonde Organic Blonde<\/strong> : Gouden medaille<br \/><strong>Houblonde Organic Tripel<\/strong> : Gouden medaille<\/p>\n<h3>\u00a0<\/h3>\n<h3><strong>Beste biologische product 2022 &#8211; Frankrijk<\/strong><\/h3>\n<p><img loading=\"lazy\" class=\"wp-image-2701 alignright\" src=\"https:\/\/www.houblonde.com\/wp-content\/uploads\/Meilleur-Produit-Bio-2022-220x300.png\" alt=\"\" width=\"121\" height=\"165\" srcset=\"https:\/\/www.houblonde.com\/wp-content\/uploads\/Meilleur-Produit-Bio-2022-220x300.png 220w, https:\/\/www.houblonde.com\/wp-content\/uploads\/Meilleur-Produit-Bio-2022.png 549w\" sizes=\"(max-width: 121px) 100vw, 121px\" \/><\/p>\n<div>Beste Biologische Product is de onderscheiding bestemd voor het gespecialiseerde biologische circuit en beloont elk jaar tientallen uitstekende biologische en ecologische producten die in biologische winkels worden verkocht. Haar ernst, betrouwbaarheid en reputatie worden in de biologische sector erkend in Frankrijk.<\/div>\n<div>Elk kandidaat-product wordt beoordeeld door een jury van ten minste 100 &#8220;supertesters&#8221;, die uit duizenden aanvragen worden geselecteerd volgens een veeleisende procedure: elke tester moet een regelmatige biologische consument zijn en affiniteit hebben met de producten die hij of zij zal testen, om een zo relevant mogelijke beoordeling te kunnen geven.<\/div>\n<div>De Houblonde Organic White IPA kreeg de volle aandacht van deze testers, die hem een score van 16,57\/20 gaven.\u00a0<\/div>\n<div>\u00a0<\/div>\n<div>\u00a0<\/div>\n<a href=\"\/secret\" target=\"_self\" class=\"button primary is-link button-cta secret\"  >\n    <span>ONTDEK HAAR GEHEIM<\/span>\n  <\/a>\n\n\n<\/p>\n\n\t\t<\/div>\n\t\t\t\t\n<style>\n#col-350613671 > .col-inner {\n  max-width: 95%;\n}\n<\/style>\n\t<\/div>\n\n\t\n\n<\/div>\n\n\t\t<\/div>\n\t\t\t\t\n<style>\n#col-1431205634 > .col-inner {\n  max-width: 85%;\n}\n<\/style>\n\t<\/div>\n\n\t\n\n<\/div>\n\n\t\t<\/div>\n\n\t\t\n<style>\n#section_1464392790 {\n  padding-top: 30px;\n  padding-bottom: 30px;\n  min-height: 100vh;\n}\n#section_1464392790 .section-bg.bg-loaded {\n  background-image: url(https:\/\/www.houblonde.com\/wp-content\/uploads\/home-background-alt3.jpg);\n}\n#section_1464392790 .ux-shape-divider--top svg {\n  height: 150px;\n  --divider-top-width: 100%;\n}\n#section_1464392790 .ux-shape-divider--bottom svg {\n  height: 150px;\n  --divider-width: 100%;\n}\n<\/style>\n\t<\/section>\n\t\n\n","protected":false},"excerpt":{"rendered":"","protected":false},"author":1,"featured_media":0,"parent":0,"menu_order":3,"comment_status":"closed","ping_status":"closed","template":"page-transparent-header-light.php","meta":{"inline_featured_image":false},"_links":{"self":[{"href":"https:\/\/www.houblonde.com\/nl\/wp-json\/wp\/v2\/pages\/1896"}],"collection":[{"href":"https:\/\/www.houblonde.com\/nl\/wp-json\/wp\/v2\/pages"}],"about":[{"href":"https:\/\/www.houblonde.com\/nl\/wp-json\/wp\/v2\/types\/page"}],"author":[{"embeddable":true,"href":"https:\/\/www.houblonde.com\/nl\/wp-json\/wp\/v2\/users\/1"}],"replies":[{"embeddable":true,"href":"https:\/\/www.houblonde.com\/nl\/wp-json\/wp\/v2\/comments?post=1896"}],"version-history":[{"count":10,"href":"https:\/\/www.houblonde.com\/nl\/wp-json\/wp\/v2\/pages\/1896\/revisions"}],"predecessor-version":[{"id":4143,"href":"https:\/\/www.houblonde.com\/nl\/wp-json\/wp\/v2\/pages\/1896\/revisions\/4143"}],"wp:attachment":[{"href":"https:\/\/www.houblonde.com\/nl\/wp-json\/wp\/v2\/media?parent=1896"}],"curies":[{"name":"wp","href":"https:\/\/api.w.org\/{rel}","templated":true}]}}