{"id":741,"date":"2017-08-24T21:29:52","date_gmt":"2017-08-24T20:29:52","guid":{"rendered":"https:\/\/www.houblonde.com\/elixirs\/"},"modified":"2024-02-22T09:55:47","modified_gmt":"2024-02-22T08:55:47","slug":"elixirs","status":"publish","type":"page","link":"https:\/\/www.houblonde.com\/nl\/elixirs\/","title":{"rendered":"De elixirs"},"content":{"rendered":"\n\t<section class=\"section is-full-height\" id=\"section_2056529831\">\n\t\t<div class=\"bg section-bg fill bg-fill  \" >\n\n\t\t\t\n\t\t\t\n\t\t\t\n\n\t\t<\/div>\n\n\t\t\n\n\t\t<div class=\"section-content relative\">\n\t\t\t\n\n<div class=\"row align-middle align-center main-row\"  id=\"row-1606764248\">\n\n\n\t<div id=\"col-2078225577\" class=\"col houblonde-image medium-2 small-12 large-2\"  >\n\t\t\t\t<div class=\"col-inner text-center\"  >\n\t\t\t\n\t\t\t\n\n\t<div class=\"img has-hover x md-x lg-x y md-y lg-y\" id=\"image_1451583716\">\n\t\t<a class=\"\" href=\"https:\/\/www.houblonde.com\/wp-content\/uploads\/Houblonde-Sales-sheet-FR-blonde-triple-white-1-2.pdf\" target=\"_blank\" rel=\"noopener noreferrer\" >\t\t\t\t\t\t<div class=\"img-inner dark\" >\n\t\t\t<img width=\"584\" height=\"448\" src=\"https:\/\/www.houblonde.com\/wp-content\/uploads\/HOUBLONDE-3-bout-3-verres-transp-1.png\" class=\"attachment-large size-large\" alt=\"\" loading=\"lazy\" srcset=\"https:\/\/www.houblonde.com\/wp-content\/uploads\/HOUBLONDE-3-bout-3-verres-transp-1.png 584w, https:\/\/www.houblonde.com\/wp-content\/uploads\/HOUBLONDE-3-bout-3-verres-transp-1-300x230.png 300w\" sizes=\"(max-width: 584px) 100vw, 584px\" \/>\t\t\t\t\t\t\n\t\t\t\t\t<\/div>\n\t\t\t\t\t\t<\/a>\t\t\n<style>\n#image_1451583716 {\n  width: 100%;\n}\n<\/style>\n\t<\/div>\n\t\n\n<a rel=\"noopener noreferrer\" href=\"https:\/\/www.houblonde.com\/wp-content\/uploads\/Houblonde-Sales-sheet-FR-blonde-triple-white-1-2.pdf\" target=\"_blank\" class=\"button white is-link is-small button-argu\"  style=\"border-radius:3px;\">\n  <i class=\"icon-search\" aria-hidden=\"true\" ><\/i>  <span>En savoir plus<\/span>\n  <\/a>\n\n\n\n\t\t<\/div>\n\t\t\t\t\n<style>\n#col-2078225577 > .col-inner {\n  padding: 50px 0px 0px 0px;\n}\n<\/style>\n\t<\/div>\n\n\t\n\n\t<div id=\"col-318500359\" class=\"col main-column medium-10 small-12 large-10\"  >\n\t\t\t\t<div class=\"col-inner text-left dark\" style=\"background-color:rgba(67, 98, 112, 0.97);\" >\n\t\t\t\n\t\t\t\n\n<div class=\"row row-collapse align-equal content-row\"  id=\"row-1232398709\">\n\n\n\t<div id=\"col-2086196758\" class=\"col image-column elixirs medium-3 small-12 large-3\"  >\n\t\t\t\t<div class=\"col-inner text-center\"  >\n\t\t\t\n\t\t\t\n\n\n\t\t<\/div>\n\t\t\t\t\t<\/div>\n\n\t\n\n\t<div id=\"col-76086202\" class=\"col content-column medium-9 small-12 large-9\"  >\n\t\t\t\t<div class=\"col-inner\"  >\n\t\t\t\n\t\t\t\n\n<h1><img class=\"content-picto alignnone wp-image-460\" src=\"https:\/\/www.houblonde.com\/wp-content\/uploads\/picto_fleurs.svg\" alt=\"\" width=\"60\" \/>\u00a0Les \u00e9lixirs<\/h1>\n<p><span style=\"font-size: 100%;\">Les HOUBLONDE Blonde, Triple et White IPA, sont des bie\u0300res qui offrent toutes les subtilite\u0301s de <strong>l\u2019univers floral<\/strong>, associe\u0301es aux dimensions gustatives et biodynamiques.<\/span><\/p>\n<p><span style=\"font-size: 100%;\">Les e\u0301lixirs floraux sont de subtils extraits liquides pre\u0301pare\u0301s par infusion solaire de fleurs sauvages. Chaque e\u0301lixir est porteur d\u2019une signature e\u0301nerge\u0301tique spe\u0301cifiquement lie\u0301e a\u0300 l\u2019espe\u0300ce florale dont il est issu. <a href=\"https:\/\/www.houblonde.com\/secret\/\">En savoir plus.<\/a><\/span><\/p>\n<h2>Houblonde Blonde (5,4\u00b0)<\/h2>\n<p><span style=\"font-size: 100%;\">Elle contient un m\u00e9lange subtil d\u2019<strong>\u00e9lixir de fleur sauvage<\/strong> des Pyr\u00e9n\u00e9es, des p\u00e9tales de roses de Damas, du sureau et de vanille bio.<\/span><\/p>\n<p><span style=\"font-size: 100%;\"><strong>La Grande Astrance :<\/strong> Un versant de montagne est inonde\u0301 de soleil, pre\u0300s de champs cultive\u0301s et de prairies. Le sol est lourd et humide. Une seule plante occupe le terrain, la grande Astrance (Astrantia major). Assure\u0301ment, elle puise l\u2019exce\u0301dent d\u2019eau du sol pour l\u2019e\u0301vaporer par ses structures de\u0301licates dans l\u2019air lumineux. L\u2019e\u0301lixir Astrantia porte en lui cette ve\u0301ritable me\u0301tamorphose d\u2019une plante de complexion grossie\u0300re et primitive, lie\u0301e aux forces de l\u2019Eau, en une plante des plus e\u0301volue\u0301es et de\u0301licates, adonne\u0301e aux forces de l\u2019Air.<\/span><\/p>\n<p><strong>Rose de Damas<\/strong> : La blonde contient \u00e9galement des roses de Damas. La rose de Damas est un rosier ancien venu de Syrie qui fit l\u2019objet de multiples hybridations au cours du XIX si\u00e8cle. R\u00e9put\u00e9 depuis l\u2019antiquit\u00e9 pour son parfum envo\u00fbtant, Rosa \u00d7damascena est un rosier particuli\u00e8rement pl\u00e9biscit\u00e9 par les secteurs de la parfumerie et de la cosm\u00e9tique.<\/p>\n<h2>Houblonde Triple (8\u00b0)<\/h2>\n<p><span style=\"font-size: 100%;\">La Houblonde Triple est compose\u0301e de 3 e\u0301lixirs de fleurs sauvages des montagnes :<\/span><\/p>\n<p><span style=\"font-size: 100%;\"><strong>Aigremoine :<\/strong> les fleurs sont jaunes, assemble\u0301es en un e\u0301pi central qui se dresse vers la lumie\u0300re. Elle fleurit au de\u0301but de l&#8217;e\u0301te\u0301. L&#8217;e\u0301lixir a e\u0301te\u0301 fait au mois de juin, a\u0300 Taillet dans une clairie\u0300re de la fore\u0302t des Aspres, dans le Vallespir (Pyre\u0301ne\u0301es Orientales).<\/span><\/p>\n<p><span style=\"font-size: 100%;\"><strong>La Violette d\u2019eau :<\/strong> ou Hottonie des marais. C&#8217;est une plante qui vit entie\u0300rement dans l&#8217;eau, elle est submerge\u0301e pendant une bonne partie de l&#8217;anne\u0301e. A partir de mai et juin, des tiges commencent a\u0300 sortir de l&#8217;eau, droites et e\u0301le\u0301gantes, et a\u0300 lancer leurs fleurs mauve pale dans la lumie\u0300re du soleil. Elle est rare, de\u0301licate, et ne supporte aucune forme de pollution. Elle a e\u0301te\u0301 cueillie en France, dans les Vosges.<\/span><\/p>\n<p><span style=\"font-size: 100%;\"><strong>Rose sauvage<\/strong> ou l&#8217;e\u0301glantier : Arbrisseau e\u0301pineux aux belles fleurs de\u0301licates et e\u0301panouies qui varient du blanc au rose. L&#8217;e\u0301lixir a e\u0301te\u0301 fait fin juin a\u0300 Camurac dans l&#8217;Aude, sur un plateau couvert d&#8217;e\u0301glantiers, proche de pistes de ski alors verdoyantes des montagnes pyre\u0301ne\u0301ennes.<\/span><\/p>\n<h2>Houblonde White IPA (4,8\u00b0)<\/h2>\n<p>La Houblonde White IPA contient des \u00e9corces d&#8217;oranges, de la coriandre et de la fleur d&#8217;oranger. La fleur blanche tr\u00e8s parfum\u00e9e de la fleur d\u2019oranger est cueillie sur le Bigaradier, petit arbuste originaire de l\u2019Inde. V\u00e9ritable invitation au voyage, ses fragrances d\u00e9licates nous transportent imm\u00e9diatement vers les effluves d\u2019orient et les saveurs ensoleill\u00e9es de M\u00e9diterran\u00e9e. La fleur d\u2019oranger est obtenue par distillation \u00e0 la vapeur des boutons de fleurs. Elle compl\u00e8te et \u00e9quilibre parfaitement l\u2019amertume des \u00e9corces d\u2019oranges pour donner au final une bi\u00e8re tr\u00e8s rafra\u00eechissante agr\u00e9ment\u00e9e d\u2019ar\u00f4mes d\u2019agrumes.\u00a0<\/p>\n<p>\u00a0<\/p>\n<p class=\"houblonde-tips\"><span style=\"font-size: 100%;\"><strong>Le saviez-vous\u00a0?<\/strong> Les alchimies florales ont une triple influence sur la bi\u00e8re. Elles lui conf\u00e8rent son bouquet d\u2019ar\u00f4mes, l\u2019harmonie d\u2019un go\u00fbt velout\u00e9 et soyeux mais aussi sa signature \u00e9nerg\u00e9tique.<\/span><\/p>\n<h3><span style=\"color: #eba900;\">L\u2019avis des \u00e9picuriens\u00a0:<\/span><\/h3>\n<p><span style=\"font-size: 100%;\"><em>\u00ab\u00a0On n\u2019exag\u00e8re pas quand on dit de cette bi\u00e8re qu\u2019elle a une \u00e2me. Et ce sont, notamment, ses notes florales qui en font sa singularit\u00e9. \u00bb &#8211;\u00a0<\/em><span style=\"text-align: right; margin-top: 10px;\">Juliette, 31 ans<\/span><\/span><\/p>\n<p style=\"text-align: center;\"><span style=\"font-size: 180%;\"><span style=\"color: #009ad1;\"><strong>\u00ab <em>Toute<\/em> la puissance de la nature au service du go\u00fbt ! \u00bb<\/strong><\/span><\/span><\/p>\n<p style=\"text-align: center;\">\u00a0<\/p>\n<a href=\"\/secret\" target=\"_self\" class=\"button primary is-link button-cta secret\"  >\n    <span>D\u00e9couvrez son secret<\/span>\n  <\/a>\n\n\n\n\t\t<\/div>\n\t\t\t\t\n<style>\n#col-76086202 > .col-inner {\n  max-width: 95%;\n}\n<\/style>\n\t<\/div>\n\n\t\n\n\t<div id=\"col-717908015\" class=\"col video-column small-12 large-12\"  >\n\t\t\t\t<div class=\"col-inner\"  >\n\t\t\t\n\t\t\t\n\n\n\t\t<\/div>\n\t\t\t\t\t<\/div>\n\n\t\n\n<\/div>\n\n\t\t<\/div>\n\t\t\t\t\n<style>\n#col-318500359 > .col-inner {\n  max-width: 85%;\n}\n<\/style>\n\t<\/div>\n\n\t\n\n<\/div>\n\n\t\t<\/div>\n\n\t\t\n<style>\n#section_2056529831 {\n  padding-top: 30px;\n  padding-bottom: 30px;\n  min-height: 100vh;\n}\n#section_2056529831 .section-bg.bg-loaded {\n  background-image: url(https:\/\/www.houblonde.com\/wp-content\/uploads\/home-background-alt3.jpg);\n}\n#section_2056529831 .ux-shape-divider--top svg {\n  height: 150px;\n  --divider-top-width: 100%;\n}\n#section_2056529831 .ux-shape-divider--bottom svg {\n  height: 150px;\n  --divider-width: 100%;\n}\n<\/style>\n\t<\/section>\n\t\n\n","protected":false},"excerpt":{"rendered":"","protected":false},"author":1,"featured_media":0,"parent":0,"menu_order":3,"comment_status":"closed","ping_status":"closed","template":"page-transparent-header-light.php","meta":{"inline_featured_image":false},"_links":{"self":[{"href":"https:\/\/www.houblonde.com\/nl\/wp-json\/wp\/v2\/pages\/741"}],"collection":[{"href":"https:\/\/www.houblonde.com\/nl\/wp-json\/wp\/v2\/pages"}],"about":[{"href":"https:\/\/www.houblonde.com\/nl\/wp-json\/wp\/v2\/types\/page"}],"author":[{"embeddable":true,"href":"https:\/\/www.houblonde.com\/nl\/wp-json\/wp\/v2\/users\/1"}],"replies":[{"embeddable":true,"href":"https:\/\/www.houblonde.com\/nl\/wp-json\/wp\/v2\/comments?post=741"}],"version-history":[{"count":10,"href":"https:\/\/www.houblonde.com\/nl\/wp-json\/wp\/v2\/pages\/741\/revisions"}],"predecessor-version":[{"id":4125,"href":"https:\/\/www.houblonde.com\/nl\/wp-json\/wp\/v2\/pages\/741\/revisions\/4125"}],"wp:attachment":[{"href":"https:\/\/www.houblonde.com\/nl\/wp-json\/wp\/v2\/media?parent=741"}],"curies":[{"name":"wp","href":"https:\/\/api.w.org\/{rel}","templated":true}]}}